{"id":15672,"date":"2018-02-02T13:51:57","date_gmt":"2018-02-02T10:51:57","guid":{"rendered":"http:\/\/vik-composite.com\/?page_id=15672"},"modified":"2021-11-18T16:42:38","modified_gmt":"2021-11-18T13:42:38","slug":"downloads","status":"publish","type":"page","link":"https:\/\/vik-composite.com\/de\/downloads\/","title":{"rendered":"Downloads"},"content":{"rendered":"<blockquote>\n<blockquote>\n<blockquote><p>&nbsp;<\/p>\n<p>&nbsp;<\/p>\n<p><a href=\"http:\/\/vik-composite.com\/wp-content\/uploads\/2021\/04\/General-terms-and-conditions-of-sale_VIK-COMPOSITE-GmbH-DE-R03.pdf\" target=\"_blank\" rel=\"noopener\">Allgemeine Gesch\u00e4ftsbedingungen<\/a><\/p>\n<blockquote><p><a href=\"http:\/\/vik-composite.com\/wp-content\/uploads\/2021\/11\/S_8.4_01_Supplier_Quality_Requirements_R00.pdf\" target=\"_blank\" rel=\"noopener\">Qualit\u00e4tsanforderungen an Lieferanten<\/a><\/p>\n<blockquote><p><a href=\"http:\/\/vik-composite.com\/wp-content\/uploads\/2020\/07\/Catalogue_VIK-COMPOSITE_ENG_active_SK2.pdf\" target=\"_blank\" rel=\"noopener\">CATALOG Hilfsmaterialien<\/a><\/p>\n<blockquote><p><a target=\"_blank\" rel=\"noopener\">CATALOG Werkzeuge und Ger\u00e4te<\/a><\/p>\n<blockquote><p><a target=\"_blank\" rel=\"noopener\">CATALOG Sonstiges<\/a><\/p>\n<blockquote><p><a target=\"_blank\" rel=\"noopener\">CATALOGUE Reparatur<\/a><\/p><\/blockquote>\n<\/blockquote>\n<\/blockquote>\n<\/blockquote>\n<\/blockquote>\n<\/blockquote>\n<\/blockquote>\n","protected":false},"excerpt":{"rendered":"&nbsp; &nbsp; Allgemeine Gesch\u00e4ftsbedingungen Qualit\u00e4tsanforderungen an Lieferanten CATALOG Hilfsmaterialien CATALOG Werkzeuge und Ger\u00e4te CATALOG Sonstiges CATALOGUE Reparatur","protected":false},"author":1,"featured_media":0,"parent":0,"menu_order":16,"comment_status":"closed","ping_status":"closed","template":"","meta":[],"acf":[],"_links":{"self":[{"href":"https:\/\/vik-composite.com\/de\/wp-json\/wp\/v2\/pages\/15672\/"}],"collection":[{"href":"https:\/\/vik-composite.com\/de\/wp-json\/wp\/v2\/pages\/"}],"about":[{"href":"https:\/\/vik-composite.com\/de\/wp-json\/wp\/v2\/types\/page\/"}],"author":[{"embeddable":true,"href":"https:\/\/vik-composite.com\/de\/wp-json\/wp\/v2\/users\/1\/"}],"replies":[{"embeddable":true,"href":"https:\/\/vik-composite.com\/de\/wp-json\/wp\/v2\/comments\/?post=15672"}],"version-history":[{"count":0,"href":"https:\/\/vik-composite.com\/de\/wp-json\/wp\/v2\/pages\/15672\/revisions\/"}],"wp:attachment":[{"href":"https:\/\/vik-composite.com\/de\/wp-json\/wp\/v2\/media\/?parent=15672"}],"curies":[{"name":"wp","href":"https:\/\/api.w.org\/{rel}","templated":true}]}}