{"id":15776,"date":"2018-02-22T13:40:41","date_gmt":"2018-02-22T10:40:41","guid":{"rendered":"http:\/\/vik-composite.com\/?page_id=15776"},"modified":"2026-01-23T19:53:12","modified_gmt":"2026-01-23T16:53:12","slug":"how-to-find-us-2","status":"publish","type":"page","link":"https:\/\/vik-composite.com\/de\/contact\/how-to-find-us-2\/","title":{"rendered":"STANDORT"},"content":{"rendered":"<div id=\"who3\">\n<blockquote>\n<blockquote>\n<blockquote><p><strong>Unser Hauptsitz hat folgende Adresse:<\/strong><\/p>\n<table border=\"0\" cellspacing=\"5\" cellpadding=\"5\">\n<tbody>\n<tr>\n<td width=\"250\"><strong>&#8222;VIK-COMPOSITE&#8220; GmbH<\/strong><br \/>\nAuf der H\u00f6he 38, 40<br \/>\n73529 Schw\u00e4bisch Gm\u00fcnd, Deutschland<\/td>\n<td width=\"150\"><strong>GPS Koordinaten<\/strong><br \/>\n48.772570<br \/>\n9.796792<\/td>\n<\/tr>\n<\/tbody>\n<\/table>\n<p><iframe loading=\"lazy\" src=\"https:\/\/www.google.com\/maps\/embed?pb=!1m18!1m12!1m3!1d2629.4976325974394!2d9.794661115671344!3d48.77238917927926!2m3!1f0!2f0!3f0!3m2!1i1024!2i768!4f13.1!3m3!1m2!1s0x4799095f2b22401b%3A0xae476770bcca5f9!2s%22VIK-COMPOSITE%22%20GmbH!5e0!3m2!1sen!2sde!4v1609761946572!5m2!1sen!2sde\" width=\"600\" height=\"450\" frameborder=\"0\" style=\"border:0;\" allowfullscreen=\"\" aria-hidden=\"false\" tabindex=\"0\"><\/iframe><\/p><\/blockquote>\n<\/blockquote>\n<\/blockquote>\n<\/div>\n<p>&nbsp;<\/p>\n<p>&nbsp;<\/p>\n<p>&nbsp;<\/p>\n<p>&nbsp;<\/p>\n<p>&nbsp;<\/p>\n","protected":false},"excerpt":{"rendered":"Unser Hauptsitz hat folgende Adresse: &#8222;VIK-COMPOSITE&#8220; GmbH Auf der H\u00f6he 38, 40 73529 Schw\u00e4bisch Gm\u00fcnd, Deutschland GPS Koordinaten 48.772570 9.796792 &nbsp; &nbsp; &nbsp; &nbsp; &nbsp;","protected":false},"author":1,"featured_media":0,"parent":15554,"menu_order":3,"comment_status":"closed","ping_status":"closed","template":"","meta":[],"acf":[],"_links":{"self":[{"href":"https:\/\/vik-composite.com\/de\/wp-json\/wp\/v2\/pages\/15776\/"}],"collection":[{"href":"https:\/\/vik-composite.com\/de\/wp-json\/wp\/v2\/pages\/"}],"about":[{"href":"https:\/\/vik-composite.com\/de\/wp-json\/wp\/v2\/types\/page\/"}],"author":[{"embeddable":true,"href":"https:\/\/vik-composite.com\/de\/wp-json\/wp\/v2\/users\/1\/"}],"replies":[{"embeddable":true,"href":"https:\/\/vik-composite.com\/de\/wp-json\/wp\/v2\/comments\/?post=15776"}],"version-history":[{"count":1,"href":"https:\/\/vik-composite.com\/de\/wp-json\/wp\/v2\/pages\/15776\/revisions\/"}],"predecessor-version":[{"id":31060,"href":"https:\/\/vik-composite.com\/de\/wp-json\/wp\/v2\/pages\/15776\/revisions\/31060\/"}],"up":[{"embeddable":true,"href":"https:\/\/vik-composite.com\/de\/wp-json\/wp\/v2\/pages\/15554\/"}],"wp:attachment":[{"href":"https:\/\/vik-composite.com\/de\/wp-json\/wp\/v2\/media\/?parent=15776"}],"curies":[{"name":"wp","href":"https:\/\/api.w.org\/{rel}","templated":true}]}}