{"id":15782,"date":"2018-02-22T13:41:11","date_gmt":"2018-02-22T10:41:11","guid":{"rendered":"http:\/\/vik-composite.com\/?page_id=15782"},"modified":"2019-03-25T13:57:47","modified_gmt":"2019-03-25T10:57:47","slug":"registration","status":"publish","type":"page","link":"https:\/\/vik-composite.com\/de\/contact\/registration\/","title":{"rendered":"BENUTZERREGISTRIERUNG"},"content":{"rendered":"<div id=\"who5\">\n<blockquote>\n<blockquote>\n<blockquote><p><strong>Suchen Sie zus\u00e4tzliche Informationen?<br \/>\nF\u00fcllen Sie bitte das Formular aus und unser Team kontaktiert Sie so schnell wie m\u00f6glich.<br \/>\n<\/strong><br \/>\n\n<div class=\"wpcf7 no-js\" id=\"wpcf7-f21721-o1\" lang=\"en-US\" dir=\"ltr\">\n<div class=\"screen-reader-response\"><p role=\"status\" aria-live=\"polite\" aria-atomic=\"true\"><\/p> <ul><\/ul><\/div>\n<form action=\"\/de\/wp-json\/wp\/v2\/pages\/15782\/#wpcf7-f21721-o1\" method=\"post\" class=\"wpcf7-form init\" aria-label=\"Contact form\" novalidate=\"novalidate\" data-status=\"init\">\n<div style=\"display: none;\">\n<input type=\"hidden\" name=\"_wpcf7\" value=\"21721\" \/>\n<input type=\"hidden\" name=\"_wpcf7_version\" value=\"5.7.3\" \/>\n<input type=\"hidden\" name=\"_wpcf7_locale\" value=\"en_US\" \/>\n<input type=\"hidden\" name=\"_wpcf7_unit_tag\" value=\"wpcf7-f21721-o1\" \/>\n<input type=\"hidden\" name=\"_wpcf7_container_post\" value=\"0\" \/>\n<input type=\"hidden\" name=\"_wpcf7_posted_data_hash\" value=\"\" \/>\n<\/div>\n<table style=\"width: 300px;\" cellspacing=\"5\" cellpadding=\"5\">\n\t<tr>\n\t\t<td style=\"vertical-align:top;\">\n\t\t\t<p><label>Vorname *<br \/>\n<span class=\"wpcf7-form-control-wrap\" data-name=\"your-name\"><input size=\"39\" maxlength=\"200\" class=\"wpcf7-form-control wpcf7-text wpcf7-validates-as-required\" aria-required=\"true\" aria-invalid=\"false\" value=\"\" type=\"text\" name=\"your-name\" \/><\/span> <\/label>\n\t\t\t<\/p>\n\t\t\t<p><label>E-mail<br \/>\n<span class=\"wpcf7-form-control-wrap\" data-name=\"your-email\"><input size=\"39\" maxlength=\"200\" class=\"wpcf7-form-control wpcf7-text wpcf7-email wpcf7-validates-as-required wpcf7-validates-as-email\" aria-required=\"true\" aria-invalid=\"false\" value=\"\" type=\"email\" name=\"your-email\" \/><\/span> <\/label>\n\t\t\t<\/p>\n\t\t\t<p><label>Telefonnummer *<br \/>\n<span class=\"wpcf7-form-control-wrap\" data-name=\"your-subject\"><input size=\"39\" maxlength=\"200\" class=\"wpcf7-form-control wpcf7-text\" aria-invalid=\"false\" value=\"\" type=\"text\" name=\"your-subject\" \/><\/span> <\/label>\n\t\t\t<\/p>\n\t\t<\/td>\n\t\t<td style=\"vertical-align:top;\">\n\t\t\t<p><label>Nachricht<br \/>\n<span class=\"wpcf7-form-control-wrap\" data-name=\"your-message\"><textarea cols=\"39\" rows=\"8\" class=\"wpcf7-form-control wpcf7-textarea wpcf7-validates-as-required\" aria-required=\"true\" aria-invalid=\"false\" name=\"your-message\"><\/textarea><\/span><\/label>\n\t\t\t<\/p>\n\t\t<\/td>\n\t<\/tr>\n\t<tr>\n\t\t<td style=\"vertical-align:top;\" colspan=\"2\">\n\t\t\t<p><span class=\"wpcf7-form-control-wrap\" data-name=\"acceptance-462\"><span class=\"wpcf7-form-control wpcf7-acceptance\"><span class=\"wpcf7-list-item\"><label><input type=\"checkbox\" name=\"acceptance-462\" value=\"1\" checked=\"checked\" aria-invalid=\"false\" \/><span class=\"wpcf7-list-item-label\">Ich stimme zu, dass meine pers\u00f6nlichen Daten gem\u00e4\u00df der Datenschutzerkl\u00e4rung seitens \u201eVIK-COMPOSITE\u201c GmbH zur Marktforschungszwecken, sowie um auf Angebote des oben genannten Unternehmens aufmerksam zu machen, bearbeitet bzw. verwendet werden k\u00f6nnen. Diese Einwilligung kann jederzeit widerrufen werden.<\/span><\/label><\/span><\/span><\/span>\n\t\t\t<\/p>\n\t\t\t<p><input class=\"wpcf7-form-control has-spinner wpcf7-submit\" type=\"submit\" value=\"Send\" \/>\n\t\t\t<\/p>\n\t\t<\/td>\n\t<\/tr>\n<\/table><div class=\"wpcf7-response-output\" aria-hidden=\"true\"><\/div>\n<\/form>\n<\/div>\n<\/p><\/blockquote>\n<\/blockquote>\n<\/blockquote>\n<\/div>\n","protected":false},"excerpt":{"rendered":"Suchen Sie zus\u00e4tzliche Informationen? F\u00fcllen Sie bitte das Formular aus und unser Team kontaktiert Sie so schnell wie m\u00f6glich.","protected":false},"author":1,"featured_media":0,"parent":15554,"menu_order":4,"comment_status":"closed","ping_status":"closed","template":"","meta":[],"acf":[],"_links":{"self":[{"href":"https:\/\/vik-composite.com\/de\/wp-json\/wp\/v2\/pages\/15782\/"}],"collection":[{"href":"https:\/\/vik-composite.com\/de\/wp-json\/wp\/v2\/pages\/"}],"about":[{"href":"https:\/\/vik-composite.com\/de\/wp-json\/wp\/v2\/types\/page\/"}],"author":[{"embeddable":true,"href":"https:\/\/vik-composite.com\/de\/wp-json\/wp\/v2\/users\/1\/"}],"replies":[{"embeddable":true,"href":"https:\/\/vik-composite.com\/de\/wp-json\/wp\/v2\/comments\/?post=15782"}],"version-history":[{"count":0,"href":"https:\/\/vik-composite.com\/de\/wp-json\/wp\/v2\/pages\/15782\/revisions\/"}],"up":[{"embeddable":true,"href":"https:\/\/vik-composite.com\/de\/wp-json\/wp\/v2\/pages\/15554\/"}],"wp:attachment":[{"href":"https:\/\/vik-composite.com\/de\/wp-json\/wp\/v2\/media\/?parent=15782"}],"curies":[{"name":"wp","href":"https:\/\/api.w.org\/{rel}","templated":true}]}}