{"id":15812,"date":"2018-02-22T14:26:13","date_gmt":"2018-02-22T11:26:13","guid":{"rendered":"http:\/\/vik-composite.com\/?page_id=15812"},"modified":"2019-03-25T13:26:44","modified_gmt":"2019-03-25T10:26:44","slug":"who-we-are","status":"publish","type":"page","link":"https:\/\/vik-composite.com\/de\/about-stevik\/who-we-are\/","title":{"rendered":"Wer wir sind"},"content":{"rendered":"<div id=\"who\">\n<blockquote>\n<blockquote>\n<blockquote><p><strong>&#8222;VIK-COMPOSITE&#8220; GmbH<\/strong> ist eine deutsche Gesellschaft. Hersteller und Anbieter von Hilfsmaterialien, Anlagen und<br \/>\nWerkzeugen f\u00fcr die Fertigung von Composite Bauteilen.<\/p>\n<p>Gegr\u00fcndet im Jahr 2008, hat unsere Gesellschaft sich als solider Partner in der EU, den GUS-Staaten und Asien etabliert.<\/p>\n<p>Wir nehmen an internationalen Messen teil, entwickeln uns dynamisch und erobern dadurch neue M\u00e4rkte.<br \/>\nRegelm\u00e4\u00dfig nimmt unsere Gesellschaft an wissenschaftlichen Konferenzen und Seminaren teil.<\/p>\n<p>Unsere Unternehmensstrategie erfolgt durch Vorwegnahme der Marktentwicklungen und durch Lieferungen<br \/>\nvon Hightech-Produkten an unsere Kunden, entsprechend den anspruchsvollsten Anfragen.<\/p>\n<p>Unsere Arbeit ist durch zwei wichtige Grunds\u00e4tze gepr\u00e4gt : Individuelle Behandlung<br \/>\njedes Kunden und die L\u00f6sung jedes Problems mit dem Ziel, nur ein erfolgreiches<br \/>\nErgebnis zu erreichen.<\/p>\n<p>Dadurch ist unsere breite Produktauswahl immer mit neuen<br \/>\nfortgeschrittenen Materialien ausgef\u00fcllt, um den letzten Anforderungen<br \/>\nim Hightech-Bereich zu entsprechen.<\/p><\/blockquote>\n<\/blockquote>\n<\/blockquote>\n<\/div>\n","protected":false},"excerpt":{"rendered":"&#8222;VIK-COMPOSITE&#8220; GmbH ist eine deutsche Gesellschaft. Hersteller und Anbieter von Hilfsmaterialien, Anlagen und Werkzeugen f\u00fcr die Fertigung von Composite Bauteilen. Gegr\u00fcndet im Jahr 2008, hat unsere Gesellschaft sich als solider Partner in der EU, den GUS-Staaten und Asien etabliert. Wir nehmen an internationalen Messen teil, entwickeln uns dynamisch und erobern dadurch neue M\u00e4rkte. Regelm\u00e4\u00dfig nimmt&#8230; <a class=\"view-article\" href=\"https:\/\/vik-composite.com\/de\/about-stevik\/who-we-are\/\">View Article<\/a>","protected":false},"author":1,"featured_media":0,"parent":15548,"menu_order":1,"comment_status":"closed","ping_status":"closed","template":"","meta":[],"acf":[],"_links":{"self":[{"href":"https:\/\/vik-composite.com\/de\/wp-json\/wp\/v2\/pages\/15812\/"}],"collection":[{"href":"https:\/\/vik-composite.com\/de\/wp-json\/wp\/v2\/pages\/"}],"about":[{"href":"https:\/\/vik-composite.com\/de\/wp-json\/wp\/v2\/types\/page\/"}],"author":[{"embeddable":true,"href":"https:\/\/vik-composite.com\/de\/wp-json\/wp\/v2\/users\/1\/"}],"replies":[{"embeddable":true,"href":"https:\/\/vik-composite.com\/de\/wp-json\/wp\/v2\/comments\/?post=15812"}],"version-history":[{"count":0,"href":"https:\/\/vik-composite.com\/de\/wp-json\/wp\/v2\/pages\/15812\/revisions\/"}],"up":[{"embeddable":true,"href":"https:\/\/vik-composite.com\/de\/wp-json\/wp\/v2\/pages\/15548\/"}],"wp:attachment":[{"href":"https:\/\/vik-composite.com\/de\/wp-json\/wp\/v2\/media\/?parent=15812"}],"curies":[{"name":"wp","href":"https:\/\/api.w.org\/{rel}","templated":true}]}}