{"id":15824,"date":"2018-02-22T14:27:30","date_gmt":"2018-02-22T11:27:30","guid":{"rendered":"http:\/\/vik-composite.com\/?page_id=15824"},"modified":"2025-09-19T15:12:48","modified_gmt":"2025-09-19T12:12:48","slug":"quality","status":"publish","type":"page","link":"https:\/\/vik-composite.com\/de\/about-stevik\/quality\/","title":{"rendered":"Qualit\u00e4t"},"content":{"rendered":"<div id=\"who1\">\n<blockquote>\n<blockquote>\n<blockquote><p><strong>VIK-COMPOSITE GmbH<\/strong> erf\u00fcllt die strengen Anforderungen der DIN EN 9100:2018 f\u00fcr Luft- und Raumfahrt und wurde durch die internationale Zertifizierungsstelle DEKRA Certification GmbH in den folgenden Aktivit\u00e4tsbereichen zertifiziert: Entwicklung und Herstellung von sowie Handel mit Produkten, Materialien, Werkzeugen und Ausr\u00fcstungen f\u00fcr die Verbundwerkstoff \u2013 und Metallverarbeitungsindustrie. Schwei\u00dfen, Hochtemperaturisolierung, Wasserstrahlschneiden.<\/p>\n<p>Um die Bed\u00fcrfnisse der Kunden bedienen zu k\u00f6nnen, strebt <strong>VIK-COMPOSITE GmbH<\/strong> folgendes an:<\/p>\n<ul>\n<li>Optimierung des kundenorientierten Service<\/li>\n<li>St\u00e4ndige Effektivit\u00e4tssteigerung unserer Arbeit<\/li>\n<li>Aufbau eines wirksamen Qualit\u00e4tssystems von gelieferten Produkten<\/li>\n<li>Konformit\u00e4t von Produkten mit hohen technischen Kundenanforderungen<\/li>\n<\/ul>\n<p>&nbsp;<\/p>\n<p><strong> UNTERLAGEN HERUNTERLADEN<\/strong><\/p>\n<p><a href=\"https:\/\/vik-composite.com\/wp-content\/uploads\/2025\/01\/Zertifikat-EN-9100_2018-de.pdf\" target=\"_blank\" rel=\"noopener\"><img decoding=\"async\" class=\"alignnone size-full wp-image-18173 size-full\" src=\" http:\/\/vik-composite.com\/wp-content\/uploads\/2022\/01\/Download-certificate-DE-e1642178017464.png \" alt=\"\" \/><a href=\"https:\/\/vik-composite.com\/wp-content\/uploads\/2025\/03\/F_8.5_11_VIK-COMPOSITE_R06_ENG-1.pdf\" target=\"_blank\" rel=\"noopener\"><img decoding=\"async\" class=\"alignnone size-full wp-image-18171\" src=\" http:\/\/vik-composite.com\/wp-content\/uploads\/2022\/01\/usloviya_de-e1642372050317.png \" alt=\"\" \/><\/a><br \/>\n<a href=\"\" target=\"_blank\" rel=\"noopener\"><img decoding=\"async\" class=\"alignnone size-full wp-image-18171\" src=\"https:\/\/vik-composite.com\/wp-content\/uploads\/2023\/10\/Supplier-Quality-Requirements_DE-e1696466304590.png\" alt=\"\" \/><\/a> <a href=\"\" target=\"_blank\" rel=\"noopener\"><img decoding=\"async\" class=\"alignnone size-full wp-image-18171\" src=\"https:\/\/vik-composite.com\/wp-content\/uploads\/2023\/10\/General-purchase-conditions_DE-e1696466320266.png\" alt=\"\" \/><\/a> <\/p><\/blockquote>\n<p>\/><\/a><\/p><\/blockquote>\n<\/blockquote>\n<\/blockquote>\n<p>&nbsp;<\/p>\n<\/div>\n","protected":false},"excerpt":{"rendered":"VIK-COMPOSITE GmbH erf\u00fcllt die strengen Anforderungen der DIN EN 9100:2018 f\u00fcr Luft- und Raumfahrt und wurde durch die internationale Zertifizierungsstelle DEKRA Certification GmbH in den folgenden Aktivit\u00e4tsbereichen zertifiziert: Entwicklung und Herstellung von sowie Handel mit Produkten, Materialien, Werkzeugen und Ausr\u00fcstungen f\u00fcr die Verbundwerkstoff \u2013 und Metallverarbeitungsindustrie. Schwei\u00dfen, Hochtemperaturisolierung, Wasserstrahlschneiden. Um die Bed\u00fcrfnisse der Kunden bedienen&#8230; <a class=\"view-article\" href=\"https:\/\/vik-composite.com\/de\/about-stevik\/quality\/\">View Article<\/a>","protected":false},"author":1,"featured_media":0,"parent":15548,"menu_order":2,"comment_status":"closed","ping_status":"closed","template":"","meta":[],"acf":[],"_links":{"self":[{"href":"https:\/\/vik-composite.com\/de\/wp-json\/wp\/v2\/pages\/15824\/"}],"collection":[{"href":"https:\/\/vik-composite.com\/de\/wp-json\/wp\/v2\/pages\/"}],"about":[{"href":"https:\/\/vik-composite.com\/de\/wp-json\/wp\/v2\/types\/page\/"}],"author":[{"embeddable":true,"href":"https:\/\/vik-composite.com\/de\/wp-json\/wp\/v2\/users\/1\/"}],"replies":[{"embeddable":true,"href":"https:\/\/vik-composite.com\/de\/wp-json\/wp\/v2\/comments\/?post=15824"}],"version-history":[{"count":13,"href":"https:\/\/vik-composite.com\/de\/wp-json\/wp\/v2\/pages\/15824\/revisions\/"}],"predecessor-version":[{"id":31039,"href":"https:\/\/vik-composite.com\/de\/wp-json\/wp\/v2\/pages\/15824\/revisions\/31039\/"}],"up":[{"embeddable":true,"href":"https:\/\/vik-composite.com\/de\/wp-json\/wp\/v2\/pages\/15548\/"}],"wp:attachment":[{"href":"https:\/\/vik-composite.com\/de\/wp-json\/wp\/v2\/media\/?parent=15824"}],"curies":[{"name":"wp","href":"https:\/\/api.w.org\/{rel}","templated":true}]}}