{"id":15839,"date":"2018-02-22T14:30:22","date_gmt":"2018-02-22T11:30:22","guid":{"rendered":"http:\/\/vik-composite.com\/?page_id=15839"},"modified":"2024-09-10T11:27:30","modified_gmt":"2024-09-10T08:27:30","slug":"plan","status":"publish","type":"page","link":"https:\/\/vik-composite.com\/de\/about-stevik\/plan\/","title":{"rendered":"MESSETERMINE"},"content":{"rendered":"<blockquote>\n<blockquote>\n<blockquote>\n<table style=\"width: 1080px; height: 600px;\" border=\"0\" cellspacing=\"5\" cellpadding=\"5\">\n<tbody>\n<tr>\n<td><img decoding=\"async\" src=\"https:\/\/vik-composite.com\/wp-content\/uploads\/2024\/09\/MAKE-logo-website.png\" width=\"300\" \/><\/td>\n<td><strong> September  28 \u2013 29, 2024 :<\/strong><\/p>\n<p>MAKE Ostw\u00fcrttemberg 2024 wird in Schw\u00e4bisch Gm\u00fcnd, Deutschland, stattfinden.<\/p>\n<td><img decoding=\"async\" class=\"alignnone wp-image-24793 size-full\" src=\"https:\/\/vik-composite.com\/wp-content\/uploads\/2024\/09\/\u041c\u0410\u041a\u0415-Innovation-Exhibition_logo.jpg\" alt=\"\" width=\"500\" \/><\/td>\n<\/tbody>\n<td><img decoding=\"async\" src=\"https:\/\/vik-composite.com\/wp-content\/uploads\/2023\/10\/SAMPE-2023-logo.jpeg\" width=\"300\" \/><\/td>\n<td><strong> November  28 \u2013 29, 2024 :<\/strong><\/p>\n<p>Die SAMPE France Technical Days 2024 werden in Frankreich, stattfinden.<\/p>\n<td><img decoding=\"async\" class=\"alignnone wp-image-24793 size-full\" src=\"https:\/\/vik-composite.com\/wp-content\/uploads\/2024\/07\/SAMPE-Journees-techniques-2024.png\" alt=\"\" width=\"500\" \/><\/td>\n<\/tbody>\n<td><img decoding=\"async\" src=\"https:\/\/vik-composite.com\/wp-content\/uploads\/2024\/07\/JEC-2025-Logo.png\" width=\"240\" \/><\/td>\n<td><strong> M\u00e4rz 4 \u2013 6, 2025 :<\/strong><\/p>\n<p>Die international spezialisierte Ausstellung JEC WORLD 2025,<br \/>\nWird im Ausstellungszentrum Paris Nord Villepinte,<br \/>\nParis, Frankreich stattfinden.<\/p>\n<p>Stand: D31 Hall 6<\/td>\n<td><img decoding=\"async\" class=\"alignnone wp-image-24793 size-full\" src=\"http:\/\/vik-composite.com\/wp-content\/uploads\/2022\/09\/Jec-World-2023-picture-e1664273940278.png\" alt=\"\" width=\"400\" \/><\/td>\n<\/tr>\n<tr>\n<\/tbody>\n<\/table>\n<\/blockquote>\n<\/blockquote>\n<\/blockquote>\n","protected":false},"excerpt":{"rendered":"September 28 \u2013 29, 2024 : MAKE Ostw\u00fcrttemberg 2024 wird in Schw\u00e4bisch Gm\u00fcnd, Deutschland, stattfinden. November 28 \u2013 29, 2024 : Die SAMPE France Technical Days 2024 werden in Frankreich, stattfinden. M\u00e4rz 4 \u2013 6, 2025 : Die international spezialisierte Ausstellung JEC WORLD 2025, Wird im Ausstellungszentrum Paris Nord Villepinte, Paris, Frankreich stattfinden. Stand: D31&#8230; <a class=\"view-article\" href=\"https:\/\/vik-composite.com\/de\/about-stevik\/plan\/\">View Article<\/a>","protected":false},"author":1,"featured_media":0,"parent":15548,"menu_order":6,"comment_status":"closed","ping_status":"closed","template":"","meta":[],"acf":[],"_links":{"self":[{"href":"https:\/\/vik-composite.com\/de\/wp-json\/wp\/v2\/pages\/15839\/"}],"collection":[{"href":"https:\/\/vik-composite.com\/de\/wp-json\/wp\/v2\/pages\/"}],"about":[{"href":"https:\/\/vik-composite.com\/de\/wp-json\/wp\/v2\/types\/page\/"}],"author":[{"embeddable":true,"href":"https:\/\/vik-composite.com\/de\/wp-json\/wp\/v2\/users\/1\/"}],"replies":[{"embeddable":true,"href":"https:\/\/vik-composite.com\/de\/wp-json\/wp\/v2\/comments\/?post=15839"}],"version-history":[{"count":5,"href":"https:\/\/vik-composite.com\/de\/wp-json\/wp\/v2\/pages\/15839\/revisions\/"}],"predecessor-version":[{"id":30513,"href":"https:\/\/vik-composite.com\/de\/wp-json\/wp\/v2\/pages\/15839\/revisions\/30513\/"}],"up":[{"embeddable":true,"href":"https:\/\/vik-composite.com\/de\/wp-json\/wp\/v2\/pages\/15548\/"}],"wp:attachment":[{"href":"https:\/\/vik-composite.com\/de\/wp-json\/wp\/v2\/media\/?parent=15839"}],"curies":[{"name":"wp","href":"https:\/\/api.w.org\/{rel}","templated":true}]}}