{"id":19789,"date":"2018-03-04T23:56:26","date_gmt":"2018-03-04T20:56:26","guid":{"rendered":"http:\/\/vik-composite.com\/repair\/hot-bonding\/"},"modified":"2022-02-18T16:38:28","modified_gmt":"2022-02-18T13:38:28","slug":"hot-bonding","status":"publish","type":"page","link":"https:\/\/vik-composite.com\/de\/repair\/hot-bonding\/","title":{"rendered":"HEI\u00dfKLEBEN"},"content":{"rendered":"<div class=\"subcats\"><a href=\"http:\/\/vik-composite.com\/wp-content\/uploads\/2022\/02\/TDS-SK3GMIEZ-0901-R01-ENG.pdf\" target=\"_blank\" rel=\"noopener\"><img decoding=\"async\" loading=\"lazy\" src=\"http:\/\/vik-composite.com\/wp-content\/uploads\/2018\/04\/heating-2.png\" sizes=\"(max-width: 144px) 100vw, 144px\" alt=\"Composite repair bonding console\" width=\"144\" height=\"144\" \/><br \/>\nKlebekonsole f\u00fcr Composite-Reparaturen<\/a><a target=\"_blank\" rel=\"noopener\"><img decoding=\"async\" loading=\"lazy\" src=\"http:\/\/vik-composite.com\/wp-content\/uploads\/2018\/04\/heating-1.jpg\" sizes=\"(max-width: 144px) 100vw, 144px\" alt=\"Local patch pressurization\" width=\"144\" height=\"144\" \/><br \/>\nPatch f\u00fcr lokale Druckbeaufschlagung<\/a><a target=\"_blank\" rel=\"noopener\"><img decoding=\"async\" loading=\"lazy\" src=\"http:\/\/vik-composite.com\/wp-content\/uploads\/2018\/04\/heating-5.png\" sizes=\"(max-width: 144px) 100vw, 144px\" alt=\"Thermopanel\" width=\"144\" height=\"144\" \/><br \/>\nThermoplatte<\/a><a target=\"_blank\" rel=\"noopener\"><img decoding=\"async\" loading=\"lazy\" src=\"http:\/\/vik-composite.com\/wp-content\/uploads\/2018\/04\/heating-4.png\" sizes=\"(max-width: 144px) 100vw, 144px\" alt=\"Standard heating blakets\" width=\"144\" height=\"144\" \/><br \/>\nStandard Heizdecke<\/a><a target=\"_blank\" rel=\"noopener\"><img decoding=\"async\" loading=\"lazy\" src=\"http:\/\/vik-composite.com\/wp-content\/uploads\/2018\/04\/heating-6.png\" sizes=\"(max-width: 144px) 100vw, 144px\" alt=\"Thermocouples (\u0422C)\" width=\"144\" height=\"144\" \/><br \/>\nThermoelemente<\/a><a target=\"_blank\" rel=\"noopener\"><img decoding=\"async\" loading=\"lazy\" src=\"http:\/\/vik-composite.com\/wp-content\/uploads\/2018\/04\/heating-1.png\" sizes=\"(max-width: 144px) 100vw, 144px\" alt=\"Customized heating blankets\" width=\"144\" height=\"144\" \/><br \/>\nKundenspezifische Heizdecke<\/a><a target=\"_blank\" rel=\"noopener\"><img decoding=\"async\" loading=\"lazy\" src=\"http:\/\/vik-composite.com\/wp-content\/uploads\/2018\/04\/heating-2.jpg\" sizes=\"(max-width: 144px) 100vw, 144px\" alt=\"Power amplifier\" width=\"144\" height=\"144\" \/><br \/>\nLeistungsverst\u00e4rker<\/a><a target=\"_blank\" rel=\"noopener\"><img decoding=\"async\" loading=\"lazy\" src=\"http:\/\/vik-composite.com\/wp-content\/uploads\/2018\/04\/heating-3.jpg\" sizes=\"(max-width: 144px) 100vw, 144px\" alt=\"Induction heating system\" width=\"144\" height=\"144\" \/><br \/>\nInduktionsheizsystem<\/a><a target=\"_blank\" rel=\"noopener\"><img decoding=\"async\" loading=\"lazy\" src=\"http:\/\/vik-composite.com\/wp-content\/uploads\/2018\/04\/heating-7.png\" sizes=\"(max-width: 144px) 100vw, 144px\" alt=\"Foldable drying oven\" width=\"144\" height=\"144\" \/><br \/>\nKlappbare Trocken\u00f6fen<\/a><\/div>\n<div class=\"clear\"><\/div>\n<p style=\"text-align: center;\"><a class=\"btn clear\" target=\"_blank\" rel=\"noopener\">KATALOG HERUNTERLADEN<\/a><\/p>\n","protected":false},"excerpt":{"rendered":"Klebekonsole f\u00fcr Composite-Reparaturen Patch f\u00fcr lokale Druckbeaufschlagung Thermoplatte Standard Heizdecke Thermoelemente Kundenspezifische Heizdecke Leistungsverst\u00e4rker Induktionsheizsystem Klappbare Trocken\u00f6fen KATALOG HERUNTERLADEN","protected":false},"author":1,"featured_media":0,"parent":15578,"menu_order":3,"comment_status":"closed","ping_status":"closed","template":"","meta":[],"acf":[],"_links":{"self":[{"href":"https:\/\/vik-composite.com\/de\/wp-json\/wp\/v2\/pages\/19789\/"}],"collection":[{"href":"https:\/\/vik-composite.com\/de\/wp-json\/wp\/v2\/pages\/"}],"about":[{"href":"https:\/\/vik-composite.com\/de\/wp-json\/wp\/v2\/types\/page\/"}],"author":[{"embeddable":true,"href":"https:\/\/vik-composite.com\/de\/wp-json\/wp\/v2\/users\/1\/"}],"replies":[{"embeddable":true,"href":"https:\/\/vik-composite.com\/de\/wp-json\/wp\/v2\/comments\/?post=19789"}],"version-history":[{"count":0,"href":"https:\/\/vik-composite.com\/de\/wp-json\/wp\/v2\/pages\/19789\/revisions\/"}],"up":[{"embeddable":true,"href":"https:\/\/vik-composite.com\/de\/wp-json\/wp\/v2\/pages\/15578\/"}],"wp:attachment":[{"href":"https:\/\/vik-composite.com\/de\/wp-json\/wp\/v2\/media\/?parent=19789"}],"curies":[{"name":"wp","href":"https:\/\/api.w.org\/{rel}","templated":true}]}}