{"id":19801,"date":"2018-03-04T23:57:24","date_gmt":"2018-03-04T20:57:24","guid":{"rendered":"http:\/\/vik-composite.com\/repair\/special-devices\/"},"modified":"2019-03-26T12:21:30","modified_gmt":"2019-03-26T09:21:30","slug":"special-devices","status":"publish","type":"page","link":"https:\/\/vik-composite.com\/de\/repair\/special-devices\/","title":{"rendered":"SPEZIALGER\u00c4TE"},"content":{"rendered":"<div class=\"subcats\"><a target=\"_blank\" rel=\"noopener\"><img decoding=\"async\" loading=\"lazy\" src=\"http:\/\/vik-composite.com\/wp-content\/uploads\/2018\/04\/Ustroistvo-2.jpg\" sizes=\"(max-width: 144px) 100vw, 144px\" alt=\"Thermocouple welder\" width=\"144\" height=\"144\" \/><br \/>\nThermoelement-schwei\u00dfger\u00e4t<\/a><a target=\"_blank\" rel=\"noopener\"><img decoding=\"async\" loading=\"lazy\" src=\"http:\/\/vik-composite.com\/wp-content\/uploads\/2018\/04\/Ustroistvo-1.jpg\" sizes=\"(max-width: 144px) 100vw, 144px\" alt=\"Thermocouple calibrator\" width=\"144\" height=\"144\" \/><br \/>\nThermoelement-messger\u00e4t<\/a><\/div>\n<div class=\"clear\"><\/div>\n<p style=\"text-align: center;\"><a class=\"btn clear\" target=\"_blank\" rel=\"noopener\">KATALOG HERUNTERLADEN<\/a><\/p>\n","protected":false},"excerpt":{"rendered":"Thermoelement-schwei\u00dfger\u00e4t Thermoelement-messger\u00e4t KATALOG HERUNTERLADEN","protected":false},"author":1,"featured_media":0,"parent":15578,"menu_order":5,"comment_status":"closed","ping_status":"closed","template":"","meta":[],"acf":[],"_links":{"self":[{"href":"https:\/\/vik-composite.com\/de\/wp-json\/wp\/v2\/pages\/19801\/"}],"collection":[{"href":"https:\/\/vik-composite.com\/de\/wp-json\/wp\/v2\/pages\/"}],"about":[{"href":"https:\/\/vik-composite.com\/de\/wp-json\/wp\/v2\/types\/page\/"}],"author":[{"embeddable":true,"href":"https:\/\/vik-composite.com\/de\/wp-json\/wp\/v2\/users\/1\/"}],"replies":[{"embeddable":true,"href":"https:\/\/vik-composite.com\/de\/wp-json\/wp\/v2\/comments\/?post=19801"}],"version-history":[{"count":0,"href":"https:\/\/vik-composite.com\/de\/wp-json\/wp\/v2\/pages\/19801\/revisions\/"}],"up":[{"embeddable":true,"href":"https:\/\/vik-composite.com\/de\/wp-json\/wp\/v2\/pages\/15578\/"}],"wp:attachment":[{"href":"https:\/\/vik-composite.com\/de\/wp-json\/wp\/v2\/media\/?parent=19801"}],"curies":[{"name":"wp","href":"https:\/\/api.w.org\/{rel}","templated":true}]}}