{"id":19806,"date":"2018-03-04T23:57:55","date_gmt":"2018-03-04T20:57:55","guid":{"rendered":"http:\/\/vik-composite.com\/repair\/miscellaneous\/"},"modified":"2019-03-26T19:38:34","modified_gmt":"2019-03-26T16:38:34","slug":"miscellaneous","status":"publish","type":"page","link":"https:\/\/vik-composite.com\/de\/repair\/miscellaneous\/","title":{"rendered":"SONSTIGES"},"content":{"rendered":"<div class=\"subcats\"><a target=\"_blank\" rel=\"noopener\"><img decoding=\"async\" loading=\"lazy\" src=\"http:\/\/vik-composite.com\/wp-content\/uploads\/2018\/04\/Prochie-2.jpg\" sizes=\"(max-width: 144px) 100vw, 144px\" alt=\"Vaccum hose for repair applications\" width=\"144\" height=\"144\" \/><br \/>\nVakuumschlauch f\u00fcr Reparaturanwendungen<\/a><a target=\"_blank\" rel=\"noopener\"><img decoding=\"async\" loading=\"lazy\" src=\"http:\/\/vik-composite.com\/wp-content\/uploads\/2018\/04\/Prochie-3.jpg\" sizes=\"(max-width: 144px) 100vw, 144px\" alt=\"Male connector for vacuum hoses\" width=\"144\" height=\"144\" \/><br \/>\nStecker f\u00fcr Vakuumschlauch<\/a><a target=\"_blank\" rel=\"noopener\"><img decoding=\"async\" loading=\"lazy\" src=\"http:\/\/vik-composite.com\/wp-content\/uploads\/2018\/04\/Prochie-4.jpg\" sizes=\"(max-width: 144px) 100vw, 144px\" alt=\"Material for making templates\" width=\"144\" height=\"144\" \/><br \/>\nMaterial f\u00fcr Schablonen<\/a><a target=\"_blank\" rel=\"noopener\"><img decoding=\"async\" loading=\"lazy\" src=\"http:\/\/vik-composite.com\/wp-content\/uploads\/2018\/04\/Prochie-1.jpg\" sizes=\"(max-width: 144px) 100vw, 144px\" alt=\"Double coated adhesive sheets\" width=\"144\" height=\"144\" \/><br \/>\nDoppelseitige Klebefolie<\/a><a target=\"_blank\" rel=\"noopener\"><img decoding=\"async\" loading=\"lazy\" src=\"http:\/\/vik-composite.com\/wp-content\/uploads\/2018\/04\/Prochie-5.jpg\" sizes=\"(max-width: 144px) 100vw, 144px\" alt=\"Y connector for 2 bags\" width=\"144\" height=\"144\" \/><br \/>\nY-verbinder f\u00fcr 2 Vakuums\u00e4cke<\/a><a target=\"_blank\" rel=\"noopener\"><img decoding=\"async\" loading=\"lazy\" src=\"http:\/\/vik-composite.com\/wp-content\/uploads\/2018\/04\/Prochie-6.jpg\" sizes=\"(max-width: 144px) 100vw, 144px\" alt=\"Insulation material\" width=\"144\" height=\"144\" \/><br \/>\nIsolationsmaterial<\/a><\/div>\n<div class=\"clear\"><\/div>\n<p style=\"text-align: center;\"><a class=\"btn clear\" target=\"_blank\" rel=\"noopener\">KATALOG HERUNTERLADEN<\/a><\/p>\n","protected":false},"excerpt":{"rendered":"Vakuumschlauch f\u00fcr Reparaturanwendungen Stecker f\u00fcr Vakuumschlauch Material f\u00fcr Schablonen Doppelseitige Klebefolie Y-verbinder f\u00fcr 2 Vakuums\u00e4cke Isolationsmaterial KATALOG HERUNTERLADEN","protected":false},"author":1,"featured_media":0,"parent":15578,"menu_order":6,"comment_status":"closed","ping_status":"closed","template":"","meta":[],"acf":[],"_links":{"self":[{"href":"https:\/\/vik-composite.com\/de\/wp-json\/wp\/v2\/pages\/19806\/"}],"collection":[{"href":"https:\/\/vik-composite.com\/de\/wp-json\/wp\/v2\/pages\/"}],"about":[{"href":"https:\/\/vik-composite.com\/de\/wp-json\/wp\/v2\/types\/page\/"}],"author":[{"embeddable":true,"href":"https:\/\/vik-composite.com\/de\/wp-json\/wp\/v2\/users\/1\/"}],"replies":[{"embeddable":true,"href":"https:\/\/vik-composite.com\/de\/wp-json\/wp\/v2\/comments\/?post=19806"}],"version-history":[{"count":0,"href":"https:\/\/vik-composite.com\/de\/wp-json\/wp\/v2\/pages\/19806\/revisions\/"}],"up":[{"embeddable":true,"href":"https:\/\/vik-composite.com\/de\/wp-json\/wp\/v2\/pages\/15578\/"}],"wp:attachment":[{"href":"https:\/\/vik-composite.com\/de\/wp-json\/wp\/v2\/media\/?parent=19806"}],"curies":[{"name":"wp","href":"https:\/\/api.w.org\/{rel}","templated":true}]}}