{"id":19959,"date":"2018-02-22T13:32:01","date_gmt":"2018-02-22T10:32:01","guid":{"rendered":"http:\/\/vik-composite.com\/contact\/agency\/"},"modified":"2024-03-12T19:29:07","modified_gmt":"2024-03-12T16:29:07","slug":"agency","status":"publish","type":"page","link":"https:\/\/vik-composite.com\/de\/contact\/agency\/","title":{"rendered":"VERTRETUNGEN"},"content":{"rendered":"<blockquote>\n<blockquote>\n<blockquote><p><strong>&#8222;VIK-COMPOSITE&#8220; GmbH<\/strong> ist in China, Niederlande, Vereinigten K\u00f6nigreich, Singapur, Indien, Malaysia, Israel und anderen L\u00e4nder vertreten. Das erm\u00f6glicht uns weltweit n\u00e4her an unseren Kunden zu sein und eine schnellere und effektivere Kundenbetreuung zu gew\u00e4hrleisten.<\/p><\/blockquote>\n<blockquote><p>Bitte kontaktieren Sie uns f\u00fcr weitere Informationen.<\/p><\/blockquote>\n","protected":false},"excerpt":{"rendered":"&#8222;VIK-COMPOSITE&#8220; GmbH ist in China, Niederlande, Vereinigten K\u00f6nigreich, Singapur, Indien, Malaysia, Israel und anderen L\u00e4nder vertreten. Das erm\u00f6glicht uns weltweit n\u00e4her an unseren Kunden zu sein und eine schnellere und effektivere Kundenbetreuung zu gew\u00e4hrleisten. Bitte kontaktieren Sie uns f\u00fcr weitere Informationen.","protected":false},"author":1,"featured_media":0,"parent":15554,"menu_order":2,"comment_status":"closed","ping_status":"closed","template":"","meta":[],"acf":[],"_links":{"self":[{"href":"https:\/\/vik-composite.com\/de\/wp-json\/wp\/v2\/pages\/19959\/"}],"collection":[{"href":"https:\/\/vik-composite.com\/de\/wp-json\/wp\/v2\/pages\/"}],"about":[{"href":"https:\/\/vik-composite.com\/de\/wp-json\/wp\/v2\/types\/page\/"}],"author":[{"embeddable":true,"href":"https:\/\/vik-composite.com\/de\/wp-json\/wp\/v2\/users\/1\/"}],"replies":[{"embeddable":true,"href":"https:\/\/vik-composite.com\/de\/wp-json\/wp\/v2\/comments\/?post=19959"}],"version-history":[{"count":2,"href":"https:\/\/vik-composite.com\/de\/wp-json\/wp\/v2\/pages\/19959\/revisions\/"}],"predecessor-version":[{"id":29976,"href":"https:\/\/vik-composite.com\/de\/wp-json\/wp\/v2\/pages\/19959\/revisions\/29976\/"}],"up":[{"embeddable":true,"href":"https:\/\/vik-composite.com\/de\/wp-json\/wp\/v2\/pages\/15554\/"}],"wp:attachment":[{"href":"https:\/\/vik-composite.com\/de\/wp-json\/wp\/v2\/media\/?parent=19959"}],"curies":[{"name":"wp","href":"https:\/\/api.w.org\/{rel}","templated":true}]}}