{"id":19963,"date":"2018-02-22T13:31:16","date_gmt":"2018-02-22T10:31:16","guid":{"rendered":"http:\/\/vik-composite.com\/contact\/team\/"},"modified":"2026-01-23T19:11:35","modified_gmt":"2026-01-23T16:11:35","slug":"team","status":"publish","type":"page","link":"https:\/\/vik-composite.com\/de\/contact\/team\/","title":{"rendered":"Impressum"},"content":{"rendered":"<div id=\"who2\">\n<blockquote>\n<blockquote>\n<blockquote>\n<h1><strong>Impressum:<\/strong><\/h1>\n<p>VIK-COMPOSITE GmbH<br \/>\nAuf der H\u00f6he 38, 40<br \/>\n73529 Schw\u00e4bisch Gm\u00fcnd<br \/>\nDeutschland<br \/>\nGesch\u00e4ftsf\u00fchrer: Viktor Ruppel<\/p>\n<p>HRB : 738168 Amtsgericht Ulm<img decoding=\"async\" loading=\"lazy\" width=\"300\" height=\"181\" class=\"size-full wp-image-24200 alignright\" src=\"http:\/\/vik-composite.com\/wp-content\/uploads\/2019\/06\/Impressum-pic.jpg\" sizes=\"(max-width: 300px) 100vw, 300px\" srcset=\"http:\/\/vik-composite.com\/wp-content\/uploads\/2019\/06\/Impressum-pic.jpg 300w, http:\/\/vik-composite.com\/wp-content\/uploads\/2019\/06\/Impressum-pic-239x144.jpg 239w\" alt=\"\" \/><br \/>\nTel: +49 7171 92038-0<br \/>\nFax: +49 7171 92038-99<br \/>\nsales@vik-composite.com<br \/>\nVAT: DE323006908<br \/>\nEORI: DE576266355601919<\/p>\n<p><strong>Haftungsausschluss<\/strong><br \/>\nDie Inhalte des Internetauftritts wurden mit gr\u00f6\u00dftm\u00f6glicher Sorgfalt und nach bestem Gewissen erstellt. Dennoch \u00fcbernimmt der Anbieter dieser Webseite keine Gew\u00e4hr f\u00fcr die Aktualit\u00e4t, Vollst\u00e4ndigkeit und Richtigkeit der bereitgestellten Seiten und Inhalte.<\/p>\n<p>Als Dienstanbieter ist der Anbieter dieser Webseite gem\u00e4\u00df \u00a7 7 Abs. 1 TMG f\u00fcr eigene Inhalte und bereitgestellte Informationen auf diesen Seiten nach den allgemeinen Gesetzen verantwortlich; nach den \u00a7\u00a7 8 bis 10 TMG jedoch nicht verpflichtet, die \u00fcbermittelten oder gespeicherten fremden Informationen zu \u00fcberwachen. Eine Entfernung oder Sperrung dieser Inhalte erfolgt umgehend ab dem Zeitpunkt der Kenntnis einer konkreten Rechtsverletzung. Eine Haftung ist erst ab dem Zeitpunkt der Kenntniserlangung m\u00f6glich.<\/p>\n<p><strong>Externe Links<\/strong><br \/>\nDie Webseite enth\u00e4lt sog. \u201eexterne Links\u201c (Verlinkungen) zu anderen Webseiten, auf deren Inhalt der Anbieter der Webseite keinen Einfluss hat. Aus diesem Grund kann der Anbieter f\u00fcr diese Inhalte auch keine Gew\u00e4hr \u00fcbernehmen. F\u00fcr die Inhalte und Richtigkeit der bereitgestellten Informationen ist der jeweilige Anbieter der verlinkten Webseite verantwortlich. Zum Zeitpunkt der Verlinkung waren keine Rechtsverst\u00f6\u00dfe erkennbar. Bei Bekanntwerden einer solchen Rechtsverletzung wird der Link umgehend entfernen.<\/p><\/blockquote>\n<\/blockquote>\n<\/blockquote>\n<\/div>\n","protected":false},"excerpt":{"rendered":"Impressum: VIK-COMPOSITE GmbH Auf der H\u00f6he 38, 40 73529 Schw\u00e4bisch Gm\u00fcnd Deutschland Gesch\u00e4ftsf\u00fchrer: Viktor Ruppel HRB : 738168 Amtsgericht Ulm Tel: +49 7171 92038-0 Fax: +49 7171 92038-99 sales@vik-composite.com VAT: DE323006908 EORI: DE576266355601919 Haftungsausschluss Die Inhalte des Internetauftritts wurden mit gr\u00f6\u00dftm\u00f6glicher Sorgfalt und nach bestem Gewissen erstellt. Dennoch \u00fcbernimmt der Anbieter dieser Webseite keine Gew\u00e4hr&#8230; <a class=\"view-article\" href=\"https:\/\/vik-composite.com\/de\/contact\/team\/\">View Article<\/a>","protected":false},"author":1,"featured_media":0,"parent":15554,"menu_order":0,"comment_status":"closed","ping_status":"closed","template":"","meta":[],"acf":[],"_links":{"self":[{"href":"https:\/\/vik-composite.com\/de\/wp-json\/wp\/v2\/pages\/19963\/"}],"collection":[{"href":"https:\/\/vik-composite.com\/de\/wp-json\/wp\/v2\/pages\/"}],"about":[{"href":"https:\/\/vik-composite.com\/de\/wp-json\/wp\/v2\/types\/page\/"}],"author":[{"embeddable":true,"href":"https:\/\/vik-composite.com\/de\/wp-json\/wp\/v2\/users\/1\/"}],"replies":[{"embeddable":true,"href":"https:\/\/vik-composite.com\/de\/wp-json\/wp\/v2\/comments\/?post=19963"}],"version-history":[{"count":2,"href":"https:\/\/vik-composite.com\/de\/wp-json\/wp\/v2\/pages\/19963\/revisions\/"}],"predecessor-version":[{"id":31053,"href":"https:\/\/vik-composite.com\/de\/wp-json\/wp\/v2\/pages\/19963\/revisions\/31053\/"}],"up":[{"embeddable":true,"href":"https:\/\/vik-composite.com\/de\/wp-json\/wp\/v2\/pages\/15554\/"}],"wp:attachment":[{"href":"https:\/\/vik-composite.com\/de\/wp-json\/wp\/v2\/media\/?parent=19963"}],"curies":[{"name":"wp","href":"https:\/\/api.w.org\/{rel}","templated":true}]}}