{"id":26949,"date":"2021-03-23T21:01:49","date_gmt":"2021-03-23T18:01:49","guid":{"rendered":"http:\/\/vik-composite.com\/?page_id=26949"},"modified":"2021-03-24T19:08:10","modified_gmt":"2021-03-24T16:08:10","slug":"grundkenntnisse-ueber-verbundwerkstoffe","status":"publish","type":"page","link":"https:\/\/vik-composite.com\/de\/e-learning\/grundkenntnisse-ueber-verbundwerkstoffe\/","title":{"rendered":"GRUNDKENNTNISSE \u00dcBER VERBUNDWERKSTOFFE"},"content":{"rendered":"<h1><img class=\"alignnone size-full wp-image-24200\" alt=\"\" \/>\u00a0 \u00a0 \u00a0 \u00a0 \u00a0 \u00a0 \u00a0 \u00a0<strong>GRUNDKENNTNISSE \u00dcBER VERBUNDWERKSTOFFE<\/strong><\/h1>\n<blockquote>\n<blockquote>\n<blockquote>\n<h2><strong>Content of the course:<\/strong><\/h2>\n<h4>&#8211; Development of composite industry, basic classification and introduction<\/h4>\n<h4>&#8211; Reinforcements and Martices<\/h4>\n<h4>&#8211; Mechanical behaviour of composite materials<\/h4>\n<h4>&#8211; Glass Transition (Tg) \u201cglass temperature\u201d<\/h4>\n<h4>&#8211; Technologies for processing composite materials: 17 main technologies <\/h4>\n<h4>&#8211; Overview of composite materials application by sectors of activity <\/p>\n<h5><a href=\"http:\/\/vik-composite.com\/hseplan-de-travail-1\/\"><img decoding=\"async\" loading=\"lazy\" class=\"alignnone wp-image-27009\" src=\"http:\/\/vik-composite.com\/wp-content\/uploads\/2021\/03\/g\u00e9n\u00e9ralit\u00e9s.jpg\" alt=\"\" width=\"930\" height=\"120\" \/><\/a><\/h5>\n<\/blockquote>\n<hr \/>\n<h5 class=\"subcats\">\u00a0 \u00a0 \u00a0 \u00a0 \u00a0*\u00a0<strong>Approximal duration of course: 5 hours (theory)<\/strong><\/h5>\n<h5 class=\"subcats\">\u00a0 \u00a0 \u00a0 \u00a0 \u00a0**\u00a0<strong>License duration: 3 weeks<\/strong><\/h5>\n<p>&nbsp;<\/p>\n<p>&nbsp;<\/p><\/blockquote>\n<\/blockquote>\n","protected":false},"excerpt":{"rendered":"\u00a0 \u00a0 \u00a0 \u00a0 \u00a0 \u00a0 \u00a0 \u00a0GRUNDKENNTNISSE \u00dcBER VERBUNDWERKSTOFFE Content of the course: &#8211; Development of composite industry, basic classification and introduction &#8211; Reinforcements and Martices &#8211; Mechanical behaviour of composite materials &#8211; Glass Transition (Tg) \u201cglass temperature\u201d &#8211; Technologies for processing composite materials: 17 main technologies &#8211; Overview of composite materials application by&#8230; <a class=\"view-article\" href=\"https:\/\/vik-composite.com\/de\/e-learning\/grundkenntnisse-ueber-verbundwerkstoffe\/\">View Article<\/a>","protected":false},"author":1,"featured_media":0,"parent":26940,"menu_order":2,"comment_status":"closed","ping_status":"closed","template":"","meta":[],"acf":[],"_links":{"self":[{"href":"https:\/\/vik-composite.com\/de\/wp-json\/wp\/v2\/pages\/26949\/"}],"collection":[{"href":"https:\/\/vik-composite.com\/de\/wp-json\/wp\/v2\/pages\/"}],"about":[{"href":"https:\/\/vik-composite.com\/de\/wp-json\/wp\/v2\/types\/page\/"}],"author":[{"embeddable":true,"href":"https:\/\/vik-composite.com\/de\/wp-json\/wp\/v2\/users\/1\/"}],"replies":[{"embeddable":true,"href":"https:\/\/vik-composite.com\/de\/wp-json\/wp\/v2\/comments\/?post=26949"}],"version-history":[{"count":0,"href":"https:\/\/vik-composite.com\/de\/wp-json\/wp\/v2\/pages\/26949\/revisions\/"}],"up":[{"embeddable":true,"href":"https:\/\/vik-composite.com\/de\/wp-json\/wp\/v2\/pages\/26940\/"}],"wp:attachment":[{"href":"https:\/\/vik-composite.com\/de\/wp-json\/wp\/v2\/media\/?parent=26949"}],"curies":[{"name":"wp","href":"https:\/\/api.w.org\/{rel}","templated":true}]}}