{"id":15670,"date":"2018-02-02T13:50:19","date_gmt":"2018-02-02T10:50:19","guid":{"rendered":"http:\/\/vik-composite.com\/?page_id=15670"},"modified":"2021-11-18T16:51:23","modified_gmt":"2021-11-18T13:51:23","slug":"downloads","status":"publish","type":"page","link":"https:\/\/vik-composite.com\/fr\/downloads\/","title":{"rendered":"Downloads"},"content":{"rendered":"<blockquote>\n<blockquote>\n<blockquote><p>&nbsp;<\/p>\n<p>&nbsp;<\/p>\n<p><a href=\"http:\/\/vik-composite.com\/wp-content\/uploads\/2021\/04\/General-terms-and-conditions-of-sale_VIK-COMPOSITE-GmbH-FR-R03.pdf\" target=\"_blank\" rel=\"noopener\">Conditions G\u00e9n\u00e9rales de vente<\/a><\/p>\n<blockquote><p><a href=\"http:\/\/vik-composite.com\/wp-content\/uploads\/2021\/11\/S_8.4_01_Supplier_Quality_Requirements_R00.pdf\" target=\"_blank\" rel=\"noopener\">Exigences pour qualit\u00e9 des fournisseurs<\/a><\/p>\n<blockquote><p><a href=\"http:\/\/vik-composite.com\/wp-content\/uploads\/2020\/07\/Catalogue_VIK-COMPOSITE_ENG_active_SK2.pdf\" target=\"_blank\" rel=\"noopener\">CATALOGUE Mat\u00e9riaux Auxiliaires<\/a><\/p>\n<blockquote><p><a href=\"http:\/\/vik-composite.com\/wp-content\/uploads\/2020\/06\/Catalogue_VIK-COMPOSITE_ENG_active_SK2.pdf\" target=\"_blank\" rel=\"noopener\">CATALOGUE Miscellaneous<\/a><\/p>\n<blockquote><p><a target=\"_blank\" rel=\"noopener\">CATALOGUE Outils et Dispositifs<\/a><\/p>\n<blockquote><p><a target=\"_blank\" rel=\"noopener\">CATALOGUE R\u00e9paration<\/a><\/p><\/blockquote>\n<\/blockquote>\n<\/blockquote>\n<\/blockquote>\n<\/blockquote>\n<\/blockquote>\n<\/blockquote>\n","protected":false},"excerpt":{"rendered":"&nbsp; &nbsp; Conditions G\u00e9n\u00e9rales de vente Exigences pour qualit\u00e9 des fournisseurs CATALOGUE Mat\u00e9riaux Auxiliaires CATALOGUE Miscellaneous CATALOGUE Outils et Dispositifs CATALOGUE R\u00e9paration","protected":false},"author":1,"featured_media":0,"parent":0,"menu_order":14,"comment_status":"closed","ping_status":"closed","template":"","meta":[],"acf":[],"_links":{"self":[{"href":"https:\/\/vik-composite.com\/fr\/wp-json\/wp\/v2\/pages\/15670\/"}],"collection":[{"href":"https:\/\/vik-composite.com\/fr\/wp-json\/wp\/v2\/pages\/"}],"about":[{"href":"https:\/\/vik-composite.com\/fr\/wp-json\/wp\/v2\/types\/page\/"}],"author":[{"embeddable":true,"href":"https:\/\/vik-composite.com\/fr\/wp-json\/wp\/v2\/users\/1\/"}],"replies":[{"embeddable":true,"href":"https:\/\/vik-composite.com\/fr\/wp-json\/wp\/v2\/comments\/?post=15670"}],"version-history":[{"count":0,"href":"https:\/\/vik-composite.com\/fr\/wp-json\/wp\/v2\/pages\/15670\/revisions\/"}],"wp:attachment":[{"href":"https:\/\/vik-composite.com\/fr\/wp-json\/wp\/v2\/media\/?parent=15670"}],"curies":[{"name":"wp","href":"https:\/\/api.w.org\/{rel}","templated":true}]}}