{"id":15683,"date":"2018-02-02T13:56:18","date_gmt":"2018-02-02T10:56:18","guid":{"rendered":"http:\/\/vik-composite.com\/?page_id=15683"},"modified":"2020-07-06T16:18:43","modified_gmt":"2020-07-06T13:18:43","slug":"sitemap","status":"publish","type":"page","link":"https:\/\/vik-composite.com\/fr\/sitemap\/","title":{"rendered":"Sitemap"},"content":{"rendered":"<blockquote>\n<blockquote>\n<blockquote><div class=\"wsp-container\"><h2 class=\"wsp-pages-title\">Pages<\/h2>\n<ul class=\"wsp-pages-list\">\n<li class=\"page_item page-item-26944 page_item_has_children\"><a href=\"https:\/\/vik-composite.com\/fr\/e-learning\/\">E-LEARNING<\/a>\n<ul class='children'>\n\t<li class=\"page_item page-item-26946\"><a href=\"https:\/\/vik-composite.com\/fr\/e-learning\/hygiene-securite-et-environnement\/\">HYGI\u00c8NE, S\u00c9CURIT\u00c9 ET ENVIRONNEMENT<\/a><\/li>\n\t<li class=\"page_item page-item-26953\"><a href=\"https:\/\/vik-composite.com\/fr\/e-learning\/generalite-des-materiaux-composites\/\">G\u00c9N\u00c9RALIT\u00c9  DES MAT\u00c9RIAUX COMPOSITES<\/a><\/li>\n\t<li class=\"page_item page-item-26959\"><a href=\"https:\/\/vik-composite.com\/fr\/e-learning\/focus-rtm-et-infusion\/\">FOCUS RTM ET INFUSION<\/a><\/li>\n\t<li class=\"page_item page-item-26965\"><a href=\"https:\/\/vik-composite.com\/fr\/e-learning\/rtm-infusion-level-1-initiation\/\">RTM &#038; INFUSION Niveau 1 INITIATION<\/a><\/li>\n\t<li class=\"page_item page-item-26971\"><a href=\"https:\/\/vik-composite.com\/fr\/e-learning\/rtm-infusion-level-2-intermediaire\/\">RTM &#038; INFUSION Niveau 2 INTERM\u00c9DIAIRE<\/a><\/li>\n\t<li class=\"page_item page-item-26977\"><a href=\"https:\/\/vik-composite.com\/fr\/e-learning\/rtm-infusion-level-3-advance\/\">RTM &#038; INFUSION Niveau 3 AVANCE<\/a><\/li>\n\t<li class=\"page_item page-item-26983\"><a href=\"https:\/\/vik-composite.com\/fr\/e-learning\/nouveaux-modules-a-venir\/\">NOUVEAUX MODULES \u00c0 VENIR<\/a><\/li>\n<\/ul>\n<\/li>\n<li class=\"page_item page-item-26446\"><a href=\"https:\/\/vik-composite.com\/fr\/about-us-3\/\">SUR NOUS<\/a><\/li>\n<li class=\"page_item page-item-15545 page_item_has_children\"><a href=\"https:\/\/vik-composite.com\/fr\/about-us\/\">SUR NOUS<\/a>\n<ul class='children'>\n\t<li class=\"page_item page-item-15810\"><a href=\"https:\/\/vik-composite.com\/fr\/about-us\/who-we-are\/\">QUI SOMMES-NOUS<\/a><\/li>\n\t<li class=\"page_item page-item-15822\"><a href=\"https:\/\/vik-composite.com\/fr\/about-us\/quality\/\">QUALIT\u00c9<\/a><\/li>\n\t<li class=\"page_item page-item-17580 current_page_parent\"><a href=\"https:\/\/vik-composite.com\/fr\/about-us\/actualites\/\">ACTUALIT\u00c9S<\/a><\/li>\n\t<li class=\"page_item page-item-15837\"><a href=\"https:\/\/vik-composite.com\/fr\/about-us\/plan\/\">PLAN DES SALONS<\/a><\/li>\n\t<li class=\"page_item page-item-15846\"><a href=\"https:\/\/vik-composite.com\/fr\/about-us\/our-partners\/\">NOS PARTENAIRES<\/a><\/li>\n\t<li class=\"page_item page-item-15854\"><a href=\"https:\/\/vik-composite.com\/fr\/about-us\/market-sectors\/\">BRANCHES<\/a><\/li>\n<\/ul>\n<\/li>\n<li class=\"page_item page-item-15552 page_item_has_children\"><a href=\"https:\/\/vik-composite.com\/fr\/contact\/\">Contact<\/a>\n<ul class='children'>\n\t<li class=\"page_item page-item-15786\"><a href=\"https:\/\/vik-composite.com\/fr\/contact\/team\/\">MENTIONS L\u00c9GALES<\/a><\/li>\n\t<li class=\"page_item page-item-15765\"><a href=\"https:\/\/vik-composite.com\/fr\/contact\/agency\/\">REPR\u00c9SENTATIONS<\/a><\/li>\n\t<li class=\"page_item page-item-15774\"><a href=\"https:\/\/vik-composite.com\/fr\/contact\/how-to-find-us-2\/\">EMPLACEMENT<\/a><\/li>\n\t<li class=\"page_item page-item-15780\"><a href=\"https:\/\/vik-composite.com\/fr\/contact\/registration\/\">ENREGISTREMENT DE L\u2019UTILISATEUR<\/a><\/li>\n<\/ul>\n<\/li>\n<li class=\"page_item page-item-15683\"><a href=\"https:\/\/vik-composite.com\/fr\/sitemap\/\">Sitemap<\/a><\/li>\n<li class=\"page_item page-item-15670\"><a href=\"https:\/\/vik-composite.com\/fr\/downloads\/\">Downloads<\/a><\/li>\n<li class=\"page_item page-item-15558 page_item_has_children\"><a href=\"https:\/\/vik-composite.com\/fr\/equipment\/\">Equipment<\/a>\n<ul class='children'>\n\t<li class=\"page_item page-item-19713\"><a href=\"https:\/\/vik-composite.com\/fr\/equipment\/autoclave-curing\/\">AUTOCLAVES<\/a><\/li>\n\t<li class=\"page_item page-item-19719\"><a href=\"https:\/\/vik-composite.com\/fr\/equipment\/oven-curing-2\/\">\u00c9TUVES COMPOSITES<\/a><\/li>\n\t<li class=\"page_item page-item-19725\"><a href=\"https:\/\/vik-composite.com\/fr\/equipment\/injection-equipment\/\">EQUIPEMENT D\u2019INJECTION<\/a><\/li>\n\t<li class=\"page_item page-item-19731\"><a href=\"https:\/\/vik-composite.com\/fr\/equipment\/process-automatization\/\">AUTOMATISATION DE PROCESSUS<\/a><\/li>\n\t<li class=\"page_item page-item-19737\"><a href=\"https:\/\/vik-composite.com\/fr\/equipment\/laser-projection-systems\/\">SYST\u00c8MES DE  PROJECTION LASER<\/a><\/li>\n\t<li class=\"page_item page-item-19743\"><a href=\"https:\/\/vik-composite.com\/fr\/equipment\/cutting-tables\/\">TABLE DE DECOUPE<\/a><\/li>\n\t<li class=\"page_item page-item-19749\"><a href=\"https:\/\/vik-composite.com\/fr\/equipment\/eqipment-for-ultrasonic-cutting-and-welding\/\">SOLUTIONS ROBOTIS\u00c9S \u00c0 ULTRASON<\/a><\/li>\n\t<li class=\"page_item page-item-19755\"><a href=\"https:\/\/vik-composite.com\/fr\/equipment\/laboratory-equipment\/\">\u00c9QUIPEMENT DE LABORATOIRE<\/a><\/li>\n<\/ul>\n<\/li>\n<li class=\"page_item page-item-15564\"><a href=\"https:\/\/vik-composite.com\/fr\/\">Home<\/a><\/li>\n<li class=\"page_item page-item-27486\"><a href=\"https:\/\/vik-composite.com\/fr\/products-3\/\">Products<\/a><\/li>\n<li class=\"page_item page-item-15570 page_item_has_children\"><a href=\"https:\/\/vik-composite.com\/fr\/products\/\">Products<\/a>\n<ul class='children'>\n\t<li class=\"page_item page-item-19761\"><a href=\"https:\/\/vik-composite.com\/fr\/products\/ancillary-materials\/\">MAT\u00c9RIAUX AUXILIAIRES<\/a><\/li>\n\t<li class=\"page_item page-item-22719\"><a href=\"https:\/\/vik-composite.com\/fr\/products\/outils-et-dispositifs\/\">OUTILS ET DISPOSITIFS<\/a><\/li>\n\t<li class=\"page_item page-item-19773\"><a href=\"https:\/\/vik-composite.com\/fr\/products\/miscellaneous\/\">MISCELLANEOUS<\/a><\/li>\n\t<li class=\"page_item page-item-25699\"><a href=\"https:\/\/vik-composite.com\/fr\/products\/guides-de-selection-produits-2\/\">GUIDES DE S\u00c9LECTION PRODUITS<\/a><\/li>\n\t<li class=\"page_item page-item-22726\"><a href=\"https:\/\/vik-composite.com\/fr\/products\/guides-de-selection-produits\/\">GUIDES DE S\u00c9LECTION PRODUITS<\/a><\/li>\n<\/ul>\n<\/li>\n<li class=\"page_item page-item-15576 page_item_has_children\"><a href=\"https:\/\/vik-composite.com\/fr\/repair\/\">Repair<\/a>\n<ul class='children'>\n\t<li class=\"page_item page-item-19778\"><a href=\"https:\/\/vik-composite.com\/fr\/repair\/defects-inspection\/\">INSPECTION DES VICES<\/a><\/li>\n\t<li class=\"page_item page-item-19785\"><a href=\"https:\/\/vik-composite.com\/fr\/repair\/mecanical-treatment\/\">TRAITEMENT M\u00c9CANIQUE<\/a><\/li>\n\t<li class=\"page_item page-item-19791\"><a href=\"https:\/\/vik-composite.com\/fr\/repair\/hot-bonding\/\">CONSOLE DE COLLAGE<\/a><\/li>\n\t<li class=\"page_item page-item-19797\"><a href=\"https:\/\/vik-composite.com\/fr\/repair\/hole-delaminations-repair\/\">R\u00c9PARATION DE  D\u00c9LAMINATIONS DE TROUS<\/a><\/li>\n\t<li class=\"page_item page-item-19800\"><a href=\"https:\/\/vik-composite.com\/fr\/repair\/special-devices\/\">DISPOSITIFS SP\u00c9CIAUX<\/a><\/li>\n\t<li class=\"page_item page-item-19808\"><a href=\"https:\/\/vik-composite.com\/fr\/repair\/miscellaneous\/\">PRODUITS DIVERS<\/a><\/li>\n\t<li class=\"page_item page-item-19814\"><a href=\"https:\/\/vik-composite.com\/fr\/repair\/training\/\">FORMATIONS<\/a><\/li>\n<\/ul>\n<\/li>\n<li class=\"page_item page-item-15689\"><a href=\"https:\/\/vik-composite.com\/fr\/terms-of-sale\/\">Terms of Sale<\/a><\/li>\n<\/ul>\n<\/div><\/blockquote>\n<\/blockquote>\n<\/blockquote>\n","protected":false},"excerpt":{"rendered":"","protected":false},"author":1,"featured_media":0,"parent":0,"menu_order":9,"comment_status":"closed","ping_status":"closed","template":"","meta":[],"acf":[],"_links":{"self":[{"href":"https:\/\/vik-composite.com\/fr\/wp-json\/wp\/v2\/pages\/15683\/"}],"collection":[{"href":"https:\/\/vik-composite.com\/fr\/wp-json\/wp\/v2\/pages\/"}],"about":[{"href":"https:\/\/vik-composite.com\/fr\/wp-json\/wp\/v2\/types\/page\/"}],"author":[{"embeddable":true,"href":"https:\/\/vik-composite.com\/fr\/wp-json\/wp\/v2\/users\/1\/"}],"replies":[{"embeddable":true,"href":"https:\/\/vik-composite.com\/fr\/wp-json\/wp\/v2\/comments\/?post=15683"}],"version-history":[{"count":0,"href":"https:\/\/vik-composite.com\/fr\/wp-json\/wp\/v2\/pages\/15683\/revisions\/"}],"wp:attachment":[{"href":"https:\/\/vik-composite.com\/fr\/wp-json\/wp\/v2\/media\/?parent=15683"}],"curies":[{"name":"wp","href":"https:\/\/api.w.org\/{rel}","templated":true}]}}