{"id":15765,"date":"2018-02-22T13:39:53","date_gmt":"2018-02-22T10:39:53","guid":{"rendered":"http:\/\/vik-composite.com\/?page_id=15765"},"modified":"2024-03-12T19:31:37","modified_gmt":"2024-03-12T16:31:37","slug":"agency","status":"publish","type":"page","link":"https:\/\/vik-composite.com\/fr\/contact\/agency\/","title":{"rendered":"REPR\u00c9SENTATIONS"},"content":{"rendered":"<blockquote>\n<blockquote>\n<blockquote><p><strong>\u00ab\u00a0VIK-COMPOSITE\u00a0\u00bb GmbH<\/strong> est repr\u00e9sent\u00e9e en Chine, Pays-Bas, Royaume-Uni, Singapour, Inde, Malasia, Isra\u00ebl et d&rsquo;autres pays, qui nous permet d&rsquo;\u00eatre plus proche de nos clients dans le monde entier et de leur fournir un soutien plus rapide et efficace.<\/p>\n<blockquote><p>Veuillez nous contacter pour plus d&rsquo;informations.\n<\/p><\/blockquote>\n","protected":false},"excerpt":{"rendered":"\u00ab\u00a0VIK-COMPOSITE\u00a0\u00bb GmbH est repr\u00e9sent\u00e9e en Chine, Pays-Bas, Royaume-Uni, Singapour, Inde, Malasia, Isra\u00ebl et d&rsquo;autres pays, qui nous permet d&rsquo;\u00eatre plus proche de nos clients dans le monde entier et de leur fournir un soutien plus rapide et efficace. Veuillez nous contacter pour plus d&rsquo;informations.","protected":false},"author":1,"featured_media":0,"parent":15552,"menu_order":2,"comment_status":"closed","ping_status":"closed","template":"","meta":[],"acf":[],"_links":{"self":[{"href":"https:\/\/vik-composite.com\/fr\/wp-json\/wp\/v2\/pages\/15765\/"}],"collection":[{"href":"https:\/\/vik-composite.com\/fr\/wp-json\/wp\/v2\/pages\/"}],"about":[{"href":"https:\/\/vik-composite.com\/fr\/wp-json\/wp\/v2\/types\/page\/"}],"author":[{"embeddable":true,"href":"https:\/\/vik-composite.com\/fr\/wp-json\/wp\/v2\/users\/1\/"}],"replies":[{"embeddable":true,"href":"https:\/\/vik-composite.com\/fr\/wp-json\/wp\/v2\/comments\/?post=15765"}],"version-history":[{"count":2,"href":"https:\/\/vik-composite.com\/fr\/wp-json\/wp\/v2\/pages\/15765\/revisions\/"}],"predecessor-version":[{"id":29978,"href":"https:\/\/vik-composite.com\/fr\/wp-json\/wp\/v2\/pages\/15765\/revisions\/29978\/"}],"up":[{"embeddable":true,"href":"https:\/\/vik-composite.com\/fr\/wp-json\/wp\/v2\/pages\/15552\/"}],"wp:attachment":[{"href":"https:\/\/vik-composite.com\/fr\/wp-json\/wp\/v2\/media\/?parent=15765"}],"curies":[{"name":"wp","href":"https:\/\/api.w.org\/{rel}","templated":true}]}}