{"id":15786,"date":"2018-02-22T13:31:16","date_gmt":"2018-02-22T10:31:16","guid":{"rendered":"http:\/\/vik-composite.com\/?page_id=15786"},"modified":"2026-01-23T19:13:08","modified_gmt":"2026-01-23T16:13:08","slug":"team","status":"publish","type":"page","link":"https:\/\/vik-composite.com\/fr\/contact\/team\/","title":{"rendered":"MENTIONS L\u00c9GALES"},"content":{"rendered":"<div id=\"who2\">\n<blockquote>\n<blockquote>\n<blockquote>\n<h1><strong>Mentions L\u00e9gales:<\/strong><\/h1>\n<p>VIK-COMPOSITE GmbH<br \/>\nAuf der H\u00f6he 38, 40<br \/>\n73529 Schw\u00e4bisch Gm\u00fcnd<br \/>\nl&rsquo;Allemagne<br \/>\nG\u00e9rant: Viktor Ruppel<\/p>\n<p><strong>HRB : 738168 Amtsgericht Ulm<img decoding=\"async\" loading=\"lazy\" width=\"300\" height=\"181\" class=\"size-full wp-image-24200 alignright\" src=\"http:\/\/vik-composite.com\/wp-content\/uploads\/2019\/06\/Impressum-pic.jpg\" sizes=\"(max-width: 300px) 100vw, 300px\" srcset=\"http:\/\/vik-composite.com\/wp-content\/uploads\/2019\/06\/Impressum-pic.jpg 300w, http:\/\/vik-composite.com\/wp-content\/uploads\/2019\/06\/Impressum-pic-239x144.jpg 239w\" alt=\"\" \/><br \/>\nTel: +49 7171 92038-0<br \/>\nFax: +49 7171 92038-99<br \/>\nsales@vik-composite.com<br \/>\nVAT: DE323006908<br \/>\nEORI: DE576266355601919<\/strong><\/p>\n<p>&nbsp;<\/p>\n<p>&nbsp;<\/p><\/blockquote>\n<\/blockquote>\n<\/blockquote>\n<\/div>\n","protected":false},"excerpt":{"rendered":"Mentions L\u00e9gales: VIK-COMPOSITE GmbH Auf der H\u00f6he 38, 40 73529 Schw\u00e4bisch Gm\u00fcnd l&rsquo;Allemagne G\u00e9rant: Viktor Ruppel HRB : 738168 Amtsgericht Ulm Tel: +49 7171 92038-0 Fax: +49 7171 92038-99 sales@vik-composite.com VAT: DE323006908 EORI: DE576266355601919 &nbsp; &nbsp;","protected":false},"author":1,"featured_media":0,"parent":15552,"menu_order":1,"comment_status":"closed","ping_status":"closed","template":"","meta":[],"acf":[],"_links":{"self":[{"href":"https:\/\/vik-composite.com\/fr\/wp-json\/wp\/v2\/pages\/15786\/"}],"collection":[{"href":"https:\/\/vik-composite.com\/fr\/wp-json\/wp\/v2\/pages\/"}],"about":[{"href":"https:\/\/vik-composite.com\/fr\/wp-json\/wp\/v2\/types\/page\/"}],"author":[{"embeddable":true,"href":"https:\/\/vik-composite.com\/fr\/wp-json\/wp\/v2\/users\/1\/"}],"replies":[{"embeddable":true,"href":"https:\/\/vik-composite.com\/fr\/wp-json\/wp\/v2\/comments\/?post=15786"}],"version-history":[{"count":2,"href":"https:\/\/vik-composite.com\/fr\/wp-json\/wp\/v2\/pages\/15786\/revisions\/"}],"predecessor-version":[{"id":31057,"href":"https:\/\/vik-composite.com\/fr\/wp-json\/wp\/v2\/pages\/15786\/revisions\/31057\/"}],"up":[{"embeddable":true,"href":"https:\/\/vik-composite.com\/fr\/wp-json\/wp\/v2\/pages\/15552\/"}],"wp:attachment":[{"href":"https:\/\/vik-composite.com\/fr\/wp-json\/wp\/v2\/media\/?parent=15786"}],"curies":[{"name":"wp","href":"https:\/\/api.w.org\/{rel}","templated":true}]}}