{"id":15810,"date":"2018-02-22T14:26:09","date_gmt":"2018-02-22T11:26:09","guid":{"rendered":"http:\/\/vik-composite.com\/?page_id=15810"},"modified":"2019-02-02T13:39:27","modified_gmt":"2019-02-02T10:39:27","slug":"who-we-are","status":"publish","type":"page","link":"https:\/\/vik-composite.com\/fr\/about-us\/who-we-are\/","title":{"rendered":"QUI SOMMES-NOUS"},"content":{"rendered":"<div id=\"who\">\n<blockquote>\n<blockquote>\n<blockquote><p><b>\u00ab\u00a0VIK-COMPOSITE\u00a0\u00bb GmbH <\/b>est une soci\u00e9t\u00e9 allemande, fabricant et fournisseur de mat\u00e9riaux auxiliaires, d&rsquo;\u00e9quipements et<br \/>\nd&rsquo;outils pour la fabrication de pi\u00e8ces composites.<\/p>\n<p>Fond\u00e9e en 2008,  notre soci\u00e9t\u00e9 est un partenaire solide dans l&rsquo;UE, les pays de la CEI et l&rsquo;Asie.<\/p>\n<p>Nous participons chaque ann\u00e9e \u00e0 des salons internationaux, nous nous d\u00e9veloppons dynamiquement<br \/>\net conqui\u00e8rent de nouveaux march\u00e9s. En pratique r\u00e9guli\u00e8re, notre entreprise participe \u00e0<br \/>\nconf\u00e9rences et s\u00e9minaires scientifiques.<\/p>\n<p>Notre strat\u00e9gie commerciale est d&rsquo;anticiper les \u00e9volutions du march\u00e9 et de fournir \u00e0 nos<br \/>\nClients avec des produits de haute technologie r\u00e9pondant aux demandes les plus<br \/>\nexigeantes.<\/p>\n<p>Notre travail est guid\u00e9 par une approche individuelle de chaque Client et vise<br \/>\nuniquement \u00e0 r\u00e9sultat r\u00e9ussi lors de la r\u00e9solution de n&rsquo;importe quel probl\u00e8me.<\/p>\n<p>Ainsi, notre large gamme de produits est constamment r\u00e9approvisionn\u00e9e<br \/>\navec de nouveaux produits des mat\u00e9riaux de pointe pour r\u00e9pondre aux<br \/>\nbesoins dans le domaine des haute technologie en production<\/p><\/blockquote>\n<\/blockquote>\n<\/blockquote>\n<\/div>\n","protected":false},"excerpt":{"rendered":"\u00ab\u00a0VIK-COMPOSITE\u00a0\u00bb GmbH est une soci\u00e9t\u00e9 allemande, fabricant et fournisseur de mat\u00e9riaux auxiliaires, d&rsquo;\u00e9quipements et d&rsquo;outils pour la fabrication de pi\u00e8ces composites. Fond\u00e9e en 2008, notre soci\u00e9t\u00e9 est un partenaire solide dans l&rsquo;UE, les pays de la CEI et l&rsquo;Asie. Nous participons chaque ann\u00e9e \u00e0 des salons internationaux, nous nous d\u00e9veloppons dynamiquement et conqui\u00e8rent de nouveaux&#8230; <a class=\"view-article\" href=\"https:\/\/vik-composite.com\/fr\/about-us\/who-we-are\/\">View Article<\/a>","protected":false},"author":1,"featured_media":0,"parent":15545,"menu_order":1,"comment_status":"closed","ping_status":"closed","template":"","meta":[],"acf":[],"_links":{"self":[{"href":"https:\/\/vik-composite.com\/fr\/wp-json\/wp\/v2\/pages\/15810\/"}],"collection":[{"href":"https:\/\/vik-composite.com\/fr\/wp-json\/wp\/v2\/pages\/"}],"about":[{"href":"https:\/\/vik-composite.com\/fr\/wp-json\/wp\/v2\/types\/page\/"}],"author":[{"embeddable":true,"href":"https:\/\/vik-composite.com\/fr\/wp-json\/wp\/v2\/users\/1\/"}],"replies":[{"embeddable":true,"href":"https:\/\/vik-composite.com\/fr\/wp-json\/wp\/v2\/comments\/?post=15810"}],"version-history":[{"count":0,"href":"https:\/\/vik-composite.com\/fr\/wp-json\/wp\/v2\/pages\/15810\/revisions\/"}],"up":[{"embeddable":true,"href":"https:\/\/vik-composite.com\/fr\/wp-json\/wp\/v2\/pages\/15545\/"}],"wp:attachment":[{"href":"https:\/\/vik-composite.com\/fr\/wp-json\/wp\/v2\/media\/?parent=15810"}],"curies":[{"name":"wp","href":"https:\/\/api.w.org\/{rel}","templated":true}]}}