{"id":15822,"date":"2018-02-22T14:27:19","date_gmt":"2018-02-22T11:27:19","guid":{"rendered":"http:\/\/vik-composite.com\/?page_id=15822"},"modified":"2025-03-25T17:23:17","modified_gmt":"2025-03-25T14:23:17","slug":"quality","status":"publish","type":"page","link":"https:\/\/vik-composite.com\/fr\/about-us\/quality\/","title":{"rendered":"QUALIT\u00c9"},"content":{"rendered":"<div id=\"who1\">\n<blockquote>\n<blockquote>\n<blockquote><p> La soci\u00e9t\u00e9 <strong> VIK-COMPOSITE GmbH <\/strong> est certifi\u00e9e conforme aux exigences des normes a\u00e9ronautiques EN 9100 : 2018 aupr\u00e8s des autorit\u00e9s de certification internationales DEKRA Certification GmbH pour tous types d&rsquo;activit\u00e9s : D\u00e9veloppement, production et commerce de produits, mat\u00e9riaux, outils et \u00e9quipements pour les industries des composites et industries de la transformation des m\u00e9taux, soudage, isolation haute temp\u00e9rature, d\u00e9coupe au jet d&rsquo;eau.<\/p>\n<p>Afin de r\u00e9pondre aux exigences des clients <strong> VIK-COMPOSITE GmbH <\/strong>  est en constante \u00e9volution de :<\/p>\n<ul>\n<li> L\u2019optimisation du service \u00e0 la client\u00e8le <\/li>\n<li> L\u2019am\u00e9lioration continue de l\u2019efficacit\u00e9 de notre travail <\/li>\n<li> La mise en place d\u2019un syst\u00e8me efficace de qualit\u00e9 des produits livr\u00e9s <\/li>\n<li> La Conformit\u00e9 des produits aux exigences techniques \u00e9lev\u00e9es du Client <\/li>\n<\/ul>\n<p>&nbsp;<\/p>\n<p><strong>                                               DOCUMENTS POUR T\u00c9L\u00c9CHARGEMENT<\/strong><\/p>\n<p><a href=\"https:\/\/vik-composite.com\/wp-content\/uploads\/2025\/01\/Zertifikat-EN-9100_2018-eng.pdf\" target=\"_blank\" rel=\"noopener\"><img decoding=\"async\" class=\"alignnone size-full wp-image-18173 size-full\" src=\"http:\/\/vik-composite.com\/wp-content\/uploads\/2022\/01\/Download-certificate-FR-e1642367866633.png\" alt=\"\" \/><\/a><a href=\"https:\/\/vik-composite.com\/wp-content\/uploads\/2025\/03\/F_8.5_11_VIK-COMPOSITE_R06_ENG-1.pdf\" target=\"_blank\" rel=\"noopener\"><img decoding=\"async\" class=\"alignnone size-full wp-image-18171\" src=\" http:\/\/vik-composite.com\/wp-content\/uploads\/2022\/01\/usloviya_fr-e1642372486387.png\" alt=\"\" \/><\/a><\/p><\/blockquote>\n<\/blockquote>\n<\/blockquote>\n<p>&nbsp;<\/p>\n<\/div>\n","protected":false},"excerpt":{"rendered":"La soci\u00e9t\u00e9 VIK-COMPOSITE GmbH est certifi\u00e9e conforme aux exigences des normes a\u00e9ronautiques EN 9100 : 2018 aupr\u00e8s des autorit\u00e9s de certification internationales DEKRA Certification GmbH pour tous types d&rsquo;activit\u00e9s : D\u00e9veloppement, production et commerce de produits, mat\u00e9riaux, outils et \u00e9quipements pour les industries des composites et industries de la transformation des m\u00e9taux, soudage, isolation haute&#8230; <a class=\"view-article\" href=\"https:\/\/vik-composite.com\/fr\/about-us\/quality\/\">View Article<\/a>","protected":false},"author":1,"featured_media":0,"parent":15545,"menu_order":2,"comment_status":"closed","ping_status":"closed","template":"","meta":[],"acf":[],"_links":{"self":[{"href":"https:\/\/vik-composite.com\/fr\/wp-json\/wp\/v2\/pages\/15822\/"}],"collection":[{"href":"https:\/\/vik-composite.com\/fr\/wp-json\/wp\/v2\/pages\/"}],"about":[{"href":"https:\/\/vik-composite.com\/fr\/wp-json\/wp\/v2\/types\/page\/"}],"author":[{"embeddable":true,"href":"https:\/\/vik-composite.com\/fr\/wp-json\/wp\/v2\/users\/1\/"}],"replies":[{"embeddable":true,"href":"https:\/\/vik-composite.com\/fr\/wp-json\/wp\/v2\/comments\/?post=15822"}],"version-history":[{"count":8,"href":"https:\/\/vik-composite.com\/fr\/wp-json\/wp\/v2\/pages\/15822\/revisions\/"}],"predecessor-version":[{"id":30907,"href":"https:\/\/vik-composite.com\/fr\/wp-json\/wp\/v2\/pages\/15822\/revisions\/30907\/"}],"up":[{"embeddable":true,"href":"https:\/\/vik-composite.com\/fr\/wp-json\/wp\/v2\/pages\/15545\/"}],"wp:attachment":[{"href":"https:\/\/vik-composite.com\/fr\/wp-json\/wp\/v2\/media\/?parent=15822"}],"curies":[{"name":"wp","href":"https:\/\/api.w.org\/{rel}","templated":true}]}}