{"id":15837,"date":"2018-02-22T14:30:08","date_gmt":"2018-02-22T11:30:08","guid":{"rendered":"http:\/\/vik-composite.com\/?page_id=15837"},"modified":"2024-09-09T16:36:38","modified_gmt":"2024-09-09T13:36:38","slug":"plan","status":"publish","type":"page","link":"https:\/\/vik-composite.com\/fr\/about-us\/plan\/","title":{"rendered":"PLAN DES SALONS"},"content":{"rendered":"<blockquote>\n<blockquote>\n<blockquote>\n<table style=\"width: 1080px; height: 600px;\" border=\"0\" cellspacing=\"5\" cellpadding=\"5\">\n<tbody>\n<tr>\n<td><img decoding=\"async\" src=\"https:\/\/vik-composite.com\/wp-content\/uploads\/2024\/09\/MAKE-logo-website.png\" width=\"300\" \/><\/td>\n<td><strong> Septembre  28 \u2013 29, 2024 :<\/strong><\/p>\n<p>MAKE Ostw\u00fcrttemberg 2024 se deroulera \u00e0 Schw\u00e4bisch Gm\u00fcnd, Allemagne.<\/p>\n<td><img decoding=\"async\" class=\"alignnone wp-image-24793 size-full\" src=\"https:\/\/vik-composite.com\/wp-content\/uploads\/2024\/09\/\u041c\u0410\u041a\u0415-Innovation-Exhibition_logo.jpg\" alt=\"\" width=\"500\" \/><\/td>\n<\/tbody>\n<td><img decoding=\"async\" src=\"https:\/\/vik-composite.com\/wp-content\/uploads\/2023\/10\/SAMPE-2023-logo.jpeg\" width=\"300\" \/><\/td>\n<td><strong> Novembre  28 \u2013 29, 2024 :<\/strong><\/p>\n<p>SAMPE Journ\u00e9\u00e9es Techniques 2024 se d\u00e9rouleront en France.<\/p>\n<td><img decoding=\"async\" class=\"alignnone wp-image-24793 size-full\" src=\"https:\/\/vik-composite.com\/wp-content\/uploads\/2024\/07\/SAMPE-Journees-techniques-2024.png\" alt=\"\" width=\"500\" \/><\/td>\n<\/tbody>\n<td><img decoding=\"async\" src=\"https:\/\/vik-composite.com\/wp-content\/uploads\/2024\/07\/JEC-2025-Logo.png\" width=\"300\" \/><\/td>\n<td><strong> Mars 4 \u2013 6, 2025 :<\/strong><\/p>\n<p>Le Salon international sp\u00e9cialis\u00e9 en composites JEC World 2025 aura lieu au Parc des Expositions Paris Nord Villepinte,<br \/>\nParis, France.<\/p>\n<p>Stand: D31 hall 6<\/td>\n<td><img decoding=\"async\" class=\"alignnone wp-image-24793 size-full\" src=\"http:\/\/vik-composite.com\/wp-content\/uploads\/2022\/09\/Jec-World-2023-picture-e1664273940278.png\" alt=\"\" width=\"500\" \/><\/td>\n<\/tr>\n<tr>\n<\/tbody>\n<\/table>\n<\/blockquote>\n<\/blockquote>\n<\/blockquote>\n","protected":false},"excerpt":{"rendered":"Septembre 28 \u2013 29, 2024 : MAKE Ostw\u00fcrttemberg 2024 se deroulera \u00e0 Schw\u00e4bisch Gm\u00fcnd, Allemagne. Novembre 28 \u2013 29, 2024 : SAMPE Journ\u00e9\u00e9es Techniques 2024 se d\u00e9rouleront en France. Mars 4 \u2013 6, 2025 : Le Salon international sp\u00e9cialis\u00e9 en composites JEC World 2025 aura lieu au Parc des Expositions Paris Nord Villepinte, Paris, France&#8230;. <a class=\"view-article\" href=\"https:\/\/vik-composite.com\/fr\/about-us\/plan\/\">View Article<\/a>","protected":false},"author":1,"featured_media":0,"parent":15545,"menu_order":5,"comment_status":"closed","ping_status":"closed","template":"","meta":[],"acf":[],"_links":{"self":[{"href":"https:\/\/vik-composite.com\/fr\/wp-json\/wp\/v2\/pages\/15837\/"}],"collection":[{"href":"https:\/\/vik-composite.com\/fr\/wp-json\/wp\/v2\/pages\/"}],"about":[{"href":"https:\/\/vik-composite.com\/fr\/wp-json\/wp\/v2\/types\/page\/"}],"author":[{"embeddable":true,"href":"https:\/\/vik-composite.com\/fr\/wp-json\/wp\/v2\/users\/1\/"}],"replies":[{"embeddable":true,"href":"https:\/\/vik-composite.com\/fr\/wp-json\/wp\/v2\/comments\/?post=15837"}],"version-history":[{"count":4,"href":"https:\/\/vik-composite.com\/fr\/wp-json\/wp\/v2\/pages\/15837\/revisions\/"}],"predecessor-version":[{"id":30511,"href":"https:\/\/vik-composite.com\/fr\/wp-json\/wp\/v2\/pages\/15837\/revisions\/30511\/"}],"up":[{"embeddable":true,"href":"https:\/\/vik-composite.com\/fr\/wp-json\/wp\/v2\/pages\/15545\/"}],"wp:attachment":[{"href":"https:\/\/vik-composite.com\/fr\/wp-json\/wp\/v2\/media\/?parent=15837"}],"curies":[{"name":"wp","href":"https:\/\/api.w.org\/{rel}","templated":true}]}}