{"id":19725,"date":"2018-03-04T23:48:08","date_gmt":"2018-03-04T20:48:08","guid":{"rendered":"http:\/\/vik-composite.com\/equipment\/injection-equipment\/"},"modified":"2022-01-20T14:07:21","modified_gmt":"2022-01-20T11:07:21","slug":"injection-equipment","status":"publish","type":"page","link":"https:\/\/vik-composite.com\/fr\/equipment\/injection-equipment\/","title":{"rendered":"EQUIPEMENT D\u2019INJECTION"},"content":{"rendered":"<div class=\"subcats\">\n<a href=\"http:\/\/vik-composite.com\/wp-content\/uploads\/2019\/03\/TDS-SK1-INJ1K-R00-ENG-1.pdf\" target=\"_blank\" rel=\"noopener\"><img decoding=\"async\" loading=\"lazy\" src=\"http:\/\/vik-composite.com\/wp-content\/uploads\/2018\/04\/INJECTION-1.jpg\" sizes=\"(max-width: 144px) 100vw, 144px\" alt=\"1-component injection units\" width=\"144\" height=\"144\" \/>SK1INJ1K \u2013 Unit\u00e9 d&rsquo;injection mono-composant<\/a><a href=\"http:\/\/vik-composite.com\/wp-content\/uploads\/2019\/03\/TDS-SK1INJ2K-R00-ENG.pdf\"_blank\" rel=\"noopener\"><img decoding=\"async\" loading=\"lazy\" src=\"http:\/\/vik-composite.com\/wp-content\/uploads\/2019\/04\/SK1INJ2K_adjusted.jpg\" sizes=\"(max-width: 144px) 100vw, 144px\" alt=\"2-components injection units\" width=\"144\" height=\"144\" \/>SK1INJ2K \u2013\u00a0Unit\u00e9 d&rsquo;injection bi-composants<\/a><a href=\"http:\/\/vik-composite.com\/wp-content\/uploads\/2020\/04\/TDS-SK1INF1KINJ2K-R00-ENG.pdf\"_blank\" rel=\"noopener\"><img decoding=\"async\" loading=\"lazy\" src=\"http:\/\/vik-composite.com\/wp-content\/uploads\/2019\/04\/SK1INF1KINJ2K_adjusted.jpg\" sizes=\"(max-width: 144px) 100vw, 144px\" alt=\"one component infusion two component injection unit\" width=\"144\" height=\"144\" \/>SK1INF1KINJ2K \u2013\u00a0Unit\u00e9 d&rsquo;infusion mono-composant, unit\u00e9 d&rsquo;injection bi-composants<\/a><a href=\"\" target=\"_blank\" rel=\"noopener\"><img decoding=\"async\" loading=\"lazy\" src=\"http:\/\/vik-composite.com\/wp-content\/uploads\/2018\/04\/INJECTION-4.jpg\" sizes=\"(max-width: 144px) 100vw, 144px\" alt=\"Injection systems for thermoplastics\" width=\"144\" height=\"144\" \/>SK1RTM-TPINJ \u2013\u00a0Syst\u00e8mes d&rsquo;injection pour thermoplastiques<\/a><a href=\"http:\/\/vik-composite.com\/wp-content\/uploads\/2019\/03\/TDS-SK1RTM-R00-ENG-1.pdf\" target=\"_blank\" rel=\"noopener\"><img decoding=\"async\" loading=\"lazy\" src=\"http:\/\/vik-composite.com\/wp-content\/uploads\/2019\/03\/RTMpiston.jpg\" sizes=\"(max-width: 144px) 100vw, 144px\" alt=\"RTM piston units\" width=\"144\" height=\"144\" \/>SK1RTM \u2013 Unit\u00e9 piston RTM<\/a><a href=\"http:\/\/vik-composite.com\/wp-content\/uploads\/2020\/07\/TDS-SK1MOVAC-R00-ENG.pdf\"target=\"_blank\" rel=\"noopener\"><img decoding=\"async\" loading=\"lazy\" src=\"http:\/\/vik-composite.com\/wp-content\/uploads\/2019\/03\/SK1MOVAK_squarBILD.png\" sizes=\"(max-width: 144px) 100vw, 144px\" alt=\"RTM piston units\" width=\"144\" height=\"144\" \/>SK1MOVAC \u2013\u00a0 Syst\u00e8me de vide mobile<\/a><a href=\"http:\/\/vik-composite.com\/wp-content\/uploads\/2020\/07\/TDS-SK1INJ1K-COMPACT-R00-ENG.pdf\" target=\"_blank\" rel=\"noopener\"><img decoding=\"async\" loading=\"lazy\" src=\"http:\/\/vik-composite.com\/wp-content\/uploads\/2020\/07\/SK1INJ1K-COMPACT.png\" sizes=\"(max-width: 144px) 100vw, 144px\" alt=\"1-component injection units\" width=\"144\" height=\"144\" \/>SK1INJ1K-COMPACT \u2013 Unit\u00e9 d&rsquo;injection mono-composant compact<\/a><a href=\"http:\/\/vik-composite.com\/wp-content\/uploads\/2020\/04\/TDS-SK1INJ2K-COMPACT-R00-ENG.pdf\"_blank\" rel=\"noopener\"><img decoding=\"async\" loading=\"lazy\" src=\"http:\/\/vik-composite.com\/wp-content\/uploads\/2019\/05\/PICneu.png\" sizes=\"(max-width: 144px) 100vw, 144px\" alt=\"PASTE INFORMATION HERE\" width=\"144\" height=\"144\" \/>SK1INJ2K-COMPACT \u2013 Unit\u00e9 de dosage, m\u00e9lange et coul\u00e9e pour des r\u00e9sines bi-composants compact<\/a><a href=\"http:\/\/vik-composite.com\/wp-content\/uploads\/2022\/01\/TDS-SK1MOVAC-MINI-R02_ENG.pdf\"_blank\" rel=\"noopener\"><img decoding=\"async\" loading=\"lazy\" src=\"http:\/\/vik-composite.com\/wp-content\/uploads\/2020\/01\/SK1MOVAC-MINI.jpg\" sizes=\"(max-width: 144px) 100vw, 144px\" alt=\"PASTE INFORMATION HERE\" width=\"144\" height=\"144\" \/>SK1MOVAC-MINI \u2013 Syst\u00e8me de vide portable<\/a><\/p>\n","protected":false},"excerpt":{"rendered":"SK1INJ1K \u2013 Unit\u00e9 d&rsquo;injection mono-composantSK1INF1KINJ2K \u2013\u00a0Unit\u00e9 d&rsquo;infusion mono-composant, unit\u00e9 d&rsquo;injection bi-composantsSK1RTM-TPINJ \u2013\u00a0Syst\u00e8mes d&rsquo;injection pour thermoplastiquesSK1RTM \u2013 Unit\u00e9 piston RTMSK1MOVAC \u2013\u00a0 Syst\u00e8me de vide mobileSK1INJ1K-COMPACT \u2013 Unit\u00e9 d&rsquo;injection mono-composant compactSK1MOVAC-MINI \u2013 Syst\u00e8me de vide portable","protected":false},"author":1,"featured_media":0,"parent":15558,"menu_order":3,"comment_status":"closed","ping_status":"closed","template":"","meta":[],"acf":[],"_links":{"self":[{"href":"https:\/\/vik-composite.com\/fr\/wp-json\/wp\/v2\/pages\/19725\/"}],"collection":[{"href":"https:\/\/vik-composite.com\/fr\/wp-json\/wp\/v2\/pages\/"}],"about":[{"href":"https:\/\/vik-composite.com\/fr\/wp-json\/wp\/v2\/types\/page\/"}],"author":[{"embeddable":true,"href":"https:\/\/vik-composite.com\/fr\/wp-json\/wp\/v2\/users\/1\/"}],"replies":[{"embeddable":true,"href":"https:\/\/vik-composite.com\/fr\/wp-json\/wp\/v2\/comments\/?post=19725"}],"version-history":[{"count":0,"href":"https:\/\/vik-composite.com\/fr\/wp-json\/wp\/v2\/pages\/19725\/revisions\/"}],"up":[{"embeddable":true,"href":"https:\/\/vik-composite.com\/fr\/wp-json\/wp\/v2\/pages\/15558\/"}],"wp:attachment":[{"href":"https:\/\/vik-composite.com\/fr\/wp-json\/wp\/v2\/media\/?parent=19725"}],"curies":[{"name":"wp","href":"https:\/\/api.w.org\/{rel}","templated":true}]}}