{"id":19761,"date":"2018-03-04T23:53:37","date_gmt":"2018-03-04T20:53:37","guid":{"rendered":"http:\/\/vik-composite.com\/products\/ancillary-materials\/"},"modified":"2022-09-13T11:04:09","modified_gmt":"2022-09-13T08:04:09","slug":"ancillary-materials","status":"publish","type":"page","link":"https:\/\/vik-composite.com\/fr\/products\/ancillary-materials\/","title":{"rendered":"MAT\u00c9RIAUX AUXILIAIRES"},"content":{"rendered":"<div class=\"subcats\"><a href=\"https:\/\/vik-composite.com\/fr\/product_category\/vacuum-films-fr\/\"><img decoding=\"async\" loading=\"lazy\" width=\"144\" height=\"144\" src=\"http:\/\/vik-composite.com\/wp-content\/uploads\/2018\/03\/materials-3-144x144.jpg\" class=\"attachment-navigation size-navigation\" alt=\"\" srcset=\"http:\/\/vik-composite.com\/wp-content\/uploads\/2018\/03\/materials-3-144x144.jpg 144w, http:\/\/vik-composite.com\/wp-content\/uploads\/2018\/03\/materials-3-150x150.jpg 150w, http:\/\/vik-composite.com\/wp-content\/uploads\/2018\/03\/materials-3.jpg 200w\" sizes=\"(max-width: 144px) 100vw, 144px\"><br \/><span>SK2VF \u2013&nbsp;Films de mise sous vide<\/span><\/a><a href=\"https:\/\/vik-composite.com\/fr\/product_category\/release-films-fr\/\"><img decoding=\"async\" loading=\"lazy\" width=\"143\" height=\"144\" src=\"http:\/\/vik-composite.com\/wp-content\/uploads\/2018\/03\/materials-11-143x144.jpg\" class=\"attachment-navigation size-navigation\" alt=\"\" srcset=\"http:\/\/vik-composite.com\/wp-content\/uploads\/2018\/03\/materials-11-143x144.jpg 143w, http:\/\/vik-composite.com\/wp-content\/uploads\/2018\/03\/materials-11-150x150.jpg 150w, http:\/\/vik-composite.com\/wp-content\/uploads\/2018\/03\/materials-11.jpg 200w\" sizes=\"(max-width: 143px) 100vw, 143px\"><br \/><span>SK2RF \u2013 Films d\u00e9moulants<\/span><\/a><a href=\"https:\/\/vik-composite.com\/fr\/product_category\/cleaners-sealters-fr\/\"><img decoding=\"async\" loading=\"lazy\" width=\"144\" height=\"144\" src=\"http:\/\/vik-composite.com\/wp-content\/uploads\/2020\/02\/Sealers-cleaners-VIK-COMPOSITE-144x144.jpg\" class=\"attachment-navigation size-navigation\" alt=\"\" srcset=\"http:\/\/vik-composite.com\/wp-content\/uploads\/2020\/02\/Sealers-cleaners-VIK-COMPOSITE-144x144.jpg 144w, http:\/\/vik-composite.com\/wp-content\/uploads\/2020\/02\/Sealers-cleaners-VIK-COMPOSITE-150x150.jpg 150w, http:\/\/vik-composite.com\/wp-content\/uploads\/2020\/02\/Sealers-cleaners-VIK-COMPOSITE-300x300.jpg 300w, http:\/\/vik-composite.com\/wp-content\/uploads\/2020\/02\/Sealers-cleaners-VIK-COMPOSITE.jpg 443w\" sizes=\"(max-width: 144px) 100vw, 144px\"><br \/><span>SK2TR \u2013 Agents nettoyants et scellants<\/span><\/a><a href=\"https:\/\/vik-composite.com\/fr\/product_category\/sealant-tapes-fr\/\"><img decoding=\"async\" loading=\"lazy\" width=\"144\" height=\"144\" src=\"http:\/\/vik-composite.com\/wp-content\/uploads\/2018\/03\/materials-6-144x144.jpg\" class=\"attachment-navigation size-navigation\" alt=\"\" srcset=\"http:\/\/vik-composite.com\/wp-content\/uploads\/2018\/03\/materials-6-144x144.jpg 144w, http:\/\/vik-composite.com\/wp-content\/uploads\/2018\/03\/materials-6-150x150.jpg 150w, http:\/\/vik-composite.com\/wp-content\/uploads\/2018\/03\/materials-6.jpg 200w\" sizes=\"(max-width: 144px) 100vw, 144px\"><br \/><span>SK2ST \u2013 Mastics d\u2019\u00e9tanch\u00e9it\u00e9<\/span><\/a><a href=\"https:\/\/vik-composite.com\/fr\/product_category\/release-fabrics-fr\/\"><img decoding=\"async\" loading=\"lazy\" width=\"144\" height=\"144\" src=\"http:\/\/vik-composite.com\/wp-content\/uploads\/2018\/03\/materials-1-144x144.jpg\" class=\"attachment-navigation size-navigation\" alt=\"\" srcset=\"http:\/\/vik-composite.com\/wp-content\/uploads\/2018\/03\/materials-1-144x144.jpg 144w, http:\/\/vik-composite.com\/wp-content\/uploads\/2018\/03\/materials-1-150x150.jpg 150w, http:\/\/vik-composite.com\/wp-content\/uploads\/2018\/03\/materials-1.jpg 200w\" sizes=\"(max-width: 144px) 100vw, 144px\"><br \/><span>SK2RE \u2013 Tissus d\u00e9moulants<\/span><\/a><a href=\"https:\/\/vik-composite.com\/fr\/product_category\/peel_pipes-fr\/\"><img decoding=\"async\" loading=\"lazy\" width=\"144\" height=\"144\" src=\"http:\/\/vik-composite.com\/wp-content\/uploads\/2018\/03\/materials-8-144x144.jpg\" class=\"attachment-navigation size-navigation\" alt=\"\" srcset=\"http:\/\/vik-composite.com\/wp-content\/uploads\/2018\/03\/materials-8-144x144.jpg 144w, http:\/\/vik-composite.com\/wp-content\/uploads\/2018\/03\/materials-8-150x150.jpg 150w, http:\/\/vik-composite.com\/wp-content\/uploads\/2018\/03\/materials-8.jpg 200w\" sizes=\"(max-width: 144px) 100vw, 144px\"><br \/><span>SK2PP \u2013 Tissus d\u2018arrachage<\/span><\/a><a href=\"https:\/\/vik-composite.com\/fr\/product_category\/breeathers-bleeders-fr\/\"><img decoding=\"async\" loading=\"lazy\" width=\"144\" height=\"144\" src=\"http:\/\/vik-composite.com\/wp-content\/uploads\/2018\/03\/materials-7-144x144.jpg\" class=\"attachment-navigation size-navigation\" alt=\"\" srcset=\"http:\/\/vik-composite.com\/wp-content\/uploads\/2018\/03\/materials-7-144x144.jpg 144w, http:\/\/vik-composite.com\/wp-content\/uploads\/2018\/03\/materials-7-150x150.jpg 150w, http:\/\/vik-composite.com\/wp-content\/uploads\/2018\/03\/materials-7.jpg 200w\" sizes=\"(max-width: 144px) 100vw, 144px\"><br \/><span>SK2BB \u2013 Feutres de drainage<\/span><\/a><a href=\"https:\/\/vik-composite.com\/fr\/product_category\/adhesive-tapes-fr\/\"><img decoding=\"async\" loading=\"lazy\" width=\"144\" height=\"144\" src=\"http:\/\/vik-composite.com\/wp-content\/uploads\/2018\/03\/materials-1-144x144.png\" class=\"attachment-navigation size-navigation\" alt=\"\" srcset=\"http:\/\/vik-composite.com\/wp-content\/uploads\/2018\/03\/materials-1-144x144.png 144w, http:\/\/vik-composite.com\/wp-content\/uploads\/2018\/03\/materials-1-150x150.png 150w, http:\/\/vik-composite.com\/wp-content\/uploads\/2018\/03\/materials-1.png 200w\" sizes=\"(max-width: 144px) 100vw, 144px\"><br \/><span>SK2AT \u2013 Rubans adh\u00e9sifs<\/span><\/a><a href=\"https:\/\/vik-composite.com\/fr\/product_category\/rubber-fr\/\"><img decoding=\"async\" loading=\"lazy\" width=\"144\" height=\"144\" src=\"http:\/\/vik-composite.com\/wp-content\/uploads\/2018\/03\/materials-2-144x144.jpg\" class=\"attachment-navigation size-navigation\" alt=\"\" srcset=\"http:\/\/vik-composite.com\/wp-content\/uploads\/2018\/03\/materials-2-144x144.jpg 144w, http:\/\/vik-composite.com\/wp-content\/uploads\/2018\/03\/materials-2-150x150.jpg 150w, http:\/\/vik-composite.com\/wp-content\/uploads\/2018\/03\/materials-2.jpg 200w\" sizes=\"(max-width: 144px) 100vw, 144px\"><br \/><span>SK2RS \u2013 Caoutchouc<\/span><\/a><a href=\"https:\/\/vik-composite.com\/fr\/product_category\/tool-release-fr\/\"><img decoding=\"async\" loading=\"lazy\" width=\"144\" height=\"144\" src=\"http:\/\/vik-composite.com\/wp-content\/uploads\/2018\/03\/materials-12-144x144.jpg\" class=\"attachment-navigation size-navigation\" alt=\"\" srcset=\"http:\/\/vik-composite.com\/wp-content\/uploads\/2018\/03\/materials-12-144x144.jpg 144w, http:\/\/vik-composite.com\/wp-content\/uploads\/2018\/03\/materials-12-150x150.jpg 150w, http:\/\/vik-composite.com\/wp-content\/uploads\/2018\/03\/materials-12.jpg 200w\" sizes=\"(max-width: 144px) 100vw, 144px\"><br \/><span>SK2TR \u2013 Agents d\u00e9moulants (liquide)<\/span><\/a><a href=\"https:\/\/vik-composite.com\/fr\/product_category\/mould-release-non-liquide\/\"><img decoding=\"async\" loading=\"lazy\" width=\"144\" height=\"144\" src=\"http:\/\/vik-composite.com\/wp-content\/uploads\/2020\/02\/Mould-releases-non-liquid_SK2TR260-4_wo-wh-144x144.jpg\" class=\"attachment-navigation size-navigation\" alt=\"\" srcset=\"http:\/\/vik-composite.com\/wp-content\/uploads\/2020\/02\/Mould-releases-non-liquid_SK2TR260-4_wo-wh-144x144.jpg 144w, http:\/\/vik-composite.com\/wp-content\/uploads\/2020\/02\/Mould-releases-non-liquid_SK2TR260-4_wo-wh-150x150.jpg 150w, http:\/\/vik-composite.com\/wp-content\/uploads\/2020\/02\/Mould-releases-non-liquid_SK2TR260-4_wo-wh-300x300.jpg 300w, http:\/\/vik-composite.com\/wp-content\/uploads\/2020\/02\/Mould-releases-non-liquid_SK2TR260-4_wo-wh-768x768.jpg 768w, http:\/\/vik-composite.com\/wp-content\/uploads\/2020\/02\/Mould-releases-non-liquid_SK2TR260-4_wo-wh-1024x1024.jpg 1024w\" sizes=\"(max-width: 144px) 100vw, 144px\"><br \/><span>SK2TR \u2013 Produits d\u00e9moulants (non liquide)<\/span><\/a><a href=\"https:\/\/vik-composite.com\/fr\/product_category\/valves-hoses-fr\/\"><img decoding=\"async\" loading=\"lazy\" width=\"144\" height=\"144\" src=\"http:\/\/vik-composite.com\/wp-content\/uploads\/2018\/03\/materials-4-144x144.jpg\" class=\"attachment-navigation size-navigation\" alt=\"\" srcset=\"http:\/\/vik-composite.com\/wp-content\/uploads\/2018\/03\/materials-4-144x144.jpg 144w, http:\/\/vik-composite.com\/wp-content\/uploads\/2018\/03\/materials-4-150x150.jpg 150w, http:\/\/vik-composite.com\/wp-content\/uploads\/2018\/03\/materials-4.jpg 200w\" sizes=\"(max-width: 144px) 100vw, 144px\"><br \/><span>SK2VV \u2013 Valves, connecteurs, manom\u00e8tres<\/span><\/a><a href=\"https:\/\/vik-composite.com\/fr\/product_category\/vacuum-hoses-fr\/\"><img decoding=\"async\" loading=\"lazy\" width=\"144\" height=\"144\" src=\"http:\/\/vik-composite.com\/wp-content\/uploads\/2020\/02\/Vacuum-Hoses_Vik-composite-144x144.jpg\" class=\"attachment-navigation size-navigation\" alt=\"\" srcset=\"http:\/\/vik-composite.com\/wp-content\/uploads\/2020\/02\/Vacuum-Hoses_Vik-composite-144x144.jpg 144w, http:\/\/vik-composite.com\/wp-content\/uploads\/2020\/02\/Vacuum-Hoses_Vik-composite-150x150.jpg 150w, http:\/\/vik-composite.com\/wp-content\/uploads\/2020\/02\/Vacuum-Hoses_Vik-composite-300x300.jpg 300w, http:\/\/vik-composite.com\/wp-content\/uploads\/2020\/02\/Vacuum-Hoses_Vik-composite-768x768.jpg 768w, http:\/\/vik-composite.com\/wp-content\/uploads\/2020\/02\/Vacuum-Hoses_Vik-composite-1024x1024.jpg 1024w\" sizes=\"(max-width: 144px) 100vw, 144px\"><br \/><span>SK2VV \u2013 Tuyau \u00e0 vide<\/span><\/a><a href=\"https:\/\/vik-composite.com\/fr\/product_category\/master-model-materials-fr\/\"><img decoding=\"async\" loading=\"lazy\" width=\"144\" height=\"144\" src=\"http:\/\/vik-composite.com\/wp-content\/uploads\/2020\/02\/Model-master-Boards_SK2TM_VIK-COMPOSITE-144x144.jpg\" class=\"attachment-navigation size-navigation\" alt=\"\" srcset=\"http:\/\/vik-composite.com\/wp-content\/uploads\/2020\/02\/Model-master-Boards_SK2TM_VIK-COMPOSITE-144x144.jpg 144w, http:\/\/vik-composite.com\/wp-content\/uploads\/2020\/02\/Model-master-Boards_SK2TM_VIK-COMPOSITE-150x150.jpg 150w, http:\/\/vik-composite.com\/wp-content\/uploads\/2020\/02\/Model-master-Boards_SK2TM_VIK-COMPOSITE-300x300.jpg 300w, http:\/\/vik-composite.com\/wp-content\/uploads\/2020\/02\/Model-master-Boards_SK2TM_VIK-COMPOSITE.jpg 742w\" sizes=\"(max-width: 144px) 100vw, 144px\"><br \/><span>SK2TM \u2013 Mat\u00e9riaux pour la r\u00e9alisation du mod\u00e8le ma\u00eetre<\/span><\/a><a href=\"https:\/\/vik-composite.com\/fr\/product_category\/tooling-materials-fr\/\"><img decoding=\"async\" loading=\"lazy\" width=\"144\" height=\"144\" src=\"http:\/\/vik-composite.com\/wp-content\/uploads\/2020\/02\/Tool_Prepreg_SK2TM190-1_caul_composite-tooling-144x144.jpg\" class=\"attachment-navigation size-navigation\" alt=\"\" srcset=\"http:\/\/vik-composite.com\/wp-content\/uploads\/2020\/02\/Tool_Prepreg_SK2TM190-1_caul_composite-tooling-144x144.jpg 144w, http:\/\/vik-composite.com\/wp-content\/uploads\/2020\/02\/Tool_Prepreg_SK2TM190-1_caul_composite-tooling-150x150.jpg 150w, http:\/\/vik-composite.com\/wp-content\/uploads\/2020\/02\/Tool_Prepreg_SK2TM190-1_caul_composite-tooling-300x300.jpg 300w, http:\/\/vik-composite.com\/wp-content\/uploads\/2020\/02\/Tool_Prepreg_SK2TM190-1_caul_composite-tooling-768x769.jpg 768w, http:\/\/vik-composite.com\/wp-content\/uploads\/2020\/02\/Tool_Prepreg_SK2TM190-1_caul_composite-tooling.jpg 952w\" sizes=\"(max-width: 144px) 100vw, 144px\"><br \/><span>SK2TM \u2013 Mat\u00e9riaux pour outillage<\/span><\/a><a href=\"https:\/\/vik-composite.com\/fr\/product_category\/water-soluble-mandrel-fr\/\"><img decoding=\"async\" loading=\"lazy\" width=\"146\" height=\"144\" src=\"http:\/\/vik-composite.com\/wp-content\/uploads\/2020\/02\/SK2TM200-1_mandrel_water-soluble-146x144.jpg\" class=\"attachment-navigation size-navigation\" alt=\"\" srcset=\"http:\/\/vik-composite.com\/wp-content\/uploads\/2020\/02\/SK2TM200-1_mandrel_water-soluble-146x144.jpg 146w, http:\/\/vik-composite.com\/wp-content\/uploads\/2020\/02\/SK2TM200-1_mandrel_water-soluble.jpg 296w\" sizes=\"(max-width: 146px) 100vw, 146px\"><br \/><span>SK2TM \u2013 Mat\u00e9riaux pour mandrin<\/span><\/a><a href=\"https:\/\/vik-composite.com\/fr\/product_category\/infusion-materials-fr\/\"><img decoding=\"async\" loading=\"lazy\" width=\"144\" height=\"144\" src=\"http:\/\/vik-composite.com\/wp-content\/uploads\/2018\/03\/materials-9-144x144.jpg\" class=\"attachment-navigation size-navigation\" alt=\"\" srcset=\"http:\/\/vik-composite.com\/wp-content\/uploads\/2018\/03\/materials-9-144x144.jpg 144w, http:\/\/vik-composite.com\/wp-content\/uploads\/2018\/03\/materials-9-150x150.jpg 150w, http:\/\/vik-composite.com\/wp-content\/uploads\/2018\/03\/materials-9.jpg 200w\" sizes=\"(max-width: 144px) 100vw, 144px\"><br \/><span>SK2RIM \u2013 Mat\u00e9riaux pour l\u2019infusion de r\u00e9sine<\/span><\/a><a href=\"https:\/\/vik-composite.com\/fr\/product_category\/grille-de-diffusion-extrudee\/\"><img decoding=\"async\" loading=\"lazy\" width=\"144\" height=\"144\" src=\"http:\/\/vik-composite.com\/wp-content\/uploads\/2020\/02\/Resin-Infusion-Mesh-VIK-COMPOSITE-144x144.jpg\" class=\"attachment-navigation size-navigation\" alt=\"\" srcset=\"http:\/\/vik-composite.com\/wp-content\/uploads\/2020\/02\/Resin-Infusion-Mesh-VIK-COMPOSITE-144x144.jpg 144w, http:\/\/vik-composite.com\/wp-content\/uploads\/2020\/02\/Resin-Infusion-Mesh-VIK-COMPOSITE-150x150.jpg 150w, http:\/\/vik-composite.com\/wp-content\/uploads\/2020\/02\/Resin-Infusion-Mesh-VIK-COMPOSITE-300x300.jpg 300w, http:\/\/vik-composite.com\/wp-content\/uploads\/2020\/02\/Resin-Infusion-Mesh-VIK-COMPOSITE-768x768.jpg 768w, http:\/\/vik-composite.com\/wp-content\/uploads\/2020\/02\/Resin-Infusion-Mesh-VIK-COMPOSITE-1024x1024.jpg 1024w\" sizes=\"(max-width: 144px) 100vw, 144px\"><br \/><span>SK2RIM \u2013 Grille de diffusion<\/span><\/a><\/p>\n<div class=\"clear\"><\/div>\n<p style=\"text-align: center;\"><a class=\"btn clear\" href=\"http:\/\/vik-composite.com\/wp-content\/uploads\/2022\/09\/Catalogue_VIK-COMPOSITE_ENG_active_SK2_R02_13.09.2022.pdf\" target=\"_blank\" rel=\"noopener\"> T\u00c9L\u00c9CHARGER LE CATALOGUE <\/a><\/p>\n<div class=\"clear\"><\/div>\n","protected":false},"excerpt":{"rendered":"SK2VF \u2013&nbsp;Films de mise sous videSK2RF \u2013 Films d\u00e9moulantsSK2TR \u2013 Agents nettoyants et scellantsSK2ST \u2013 Mastics d\u2019\u00e9tanch\u00e9it\u00e9SK2RE \u2013 Tissus d\u00e9moulantsSK2PP \u2013 Tissus d\u2018arrachageSK2BB \u2013 Feutres de drainageSK2AT \u2013 Rubans adh\u00e9sifsSK2RS \u2013 CaoutchoucSK2TR \u2013 Agents d\u00e9moulants (liquide)SK2TR \u2013 Produits d\u00e9moulants (non liquide)SK2VV \u2013 Valves, connecteurs, manom\u00e8tresSK2VV \u2013 Tuyau \u00e0 videSK2TM \u2013 Mat\u00e9riaux pour la r\u00e9alisation du&#8230; <a class=\"view-article\" href=\"https:\/\/vik-composite.com\/fr\/products\/ancillary-materials\/\">View Article<\/a>","protected":false},"author":1,"featured_media":0,"parent":15570,"menu_order":1,"comment_status":"closed","ping_status":"closed","template":"","meta":[],"acf":[],"_links":{"self":[{"href":"https:\/\/vik-composite.com\/fr\/wp-json\/wp\/v2\/pages\/19761\/"}],"collection":[{"href":"https:\/\/vik-composite.com\/fr\/wp-json\/wp\/v2\/pages\/"}],"about":[{"href":"https:\/\/vik-composite.com\/fr\/wp-json\/wp\/v2\/types\/page\/"}],"author":[{"embeddable":true,"href":"https:\/\/vik-composite.com\/fr\/wp-json\/wp\/v2\/users\/1\/"}],"replies":[{"embeddable":true,"href":"https:\/\/vik-composite.com\/fr\/wp-json\/wp\/v2\/comments\/?post=19761"}],"version-history":[{"count":0,"href":"https:\/\/vik-composite.com\/fr\/wp-json\/wp\/v2\/pages\/19761\/revisions\/"}],"up":[{"embeddable":true,"href":"https:\/\/vik-composite.com\/fr\/wp-json\/wp\/v2\/pages\/15570\/"}],"wp:attachment":[{"href":"https:\/\/vik-composite.com\/fr\/wp-json\/wp\/v2\/media\/?parent=19761"}],"curies":[{"name":"wp","href":"https:\/\/api.w.org\/{rel}","templated":true}]}}