{"id":19773,"date":"2018-03-04T23:54:40","date_gmt":"2018-03-04T20:54:40","guid":{"rendered":"http:\/\/vik-composite.com\/products\/miscellaneous\/"},"modified":"2020-09-02T16:18:01","modified_gmt":"2020-09-02T13:18:01","slug":"miscellaneous","status":"publish","type":"page","link":"https:\/\/vik-composite.com\/fr\/products\/miscellaneous\/","title":{"rendered":"MISCELLANEOUS"},"content":{"rendered":"<div class=\"subcats\"><a href=\"https:\/\/vik-composite.com\/fr\/product_category\/insulation-materials-fr\/\"><img decoding=\"async\" loading=\"lazy\" width=\"144\" height=\"144\" src=\"http:\/\/vik-composite.com\/wp-content\/uploads\/2020\/02\/Isoliermatte_1200_Grad-144x144.jpg\" class=\"attachment-navigation size-navigation\" alt=\"\" srcset=\"http:\/\/vik-composite.com\/wp-content\/uploads\/2020\/02\/Isoliermatte_1200_Grad-144x144.jpg 144w, http:\/\/vik-composite.com\/wp-content\/uploads\/2020\/02\/Isoliermatte_1200_Grad-150x150.jpg 150w, http:\/\/vik-composite.com\/wp-content\/uploads\/2020\/02\/Isoliermatte_1200_Grad-300x300.jpg 300w, http:\/\/vik-composite.com\/wp-content\/uploads\/2020\/02\/Isoliermatte_1200_Grad-768x768.jpg 768w, http:\/\/vik-composite.com\/wp-content\/uploads\/2020\/02\/Isoliermatte_1200_Grad-1024x1024.jpg 1024w\" sizes=\"(max-width: 144px) 100vw, 144px\"><br \/><span>SK3INS \u2013 Insulation materials<\/span><\/a><a href=\"https:\/\/vik-composite.com\/fr\/product_category\/embossed-stsfilms-fr\/\"><img decoding=\"async\" loading=\"lazy\" width=\"144\" height=\"144\" src=\"http:\/\/vik-composite.com\/wp-content\/uploads\/2020\/02\/Pr\u00e4gefolie_Isolierfolie-144x144.jpg\" class=\"attachment-navigation size-navigation\" alt=\"\" srcset=\"http:\/\/vik-composite.com\/wp-content\/uploads\/2020\/02\/Pr\u00e4gefolie_Isolierfolie-144x144.jpg 144w, http:\/\/vik-composite.com\/wp-content\/uploads\/2020\/02\/Pr\u00e4gefolie_Isolierfolie-150x150.jpg 150w, http:\/\/vik-composite.com\/wp-content\/uploads\/2020\/02\/Pr\u00e4gefolie_Isolierfolie-300x300.jpg 300w, http:\/\/vik-composite.com\/wp-content\/uploads\/2020\/02\/Pr\u00e4gefolie_Isolierfolie-768x768.jpg 768w, http:\/\/vik-composite.com\/wp-content\/uploads\/2020\/02\/Pr\u00e4gefolie_Isolierfolie-1024x1024.jpg 1024w\" sizes=\"(max-width: 144px) 100vw, 144px\"><br \/><span>SK3STS \u2013 Pr\u00e4gefolie<\/span><\/a><a href=\"https:\/\/vik-composite.com\/fr\/product_category\/film-de-protection-contre-humidite-a-trois-couches\/\"><img decoding=\"async\" loading=\"lazy\" width=\"246\" height=\"144\" src=\"http:\/\/vik-composite.com\/wp-content\/uploads\/2020\/03\/Protective-film-246x144.png\" class=\"attachment-navigation size-navigation\" alt=\"\" srcset=\"http:\/\/vik-composite.com\/wp-content\/uploads\/2020\/03\/Protective-film-246x144.png 246w, http:\/\/vik-composite.com\/wp-content\/uploads\/2020\/03\/Protective-film-300x175.png 300w, http:\/\/vik-composite.com\/wp-content\/uploads\/2020\/03\/Protective-film.png 320w\" sizes=\"(max-width: 246px) 100vw, 246px\"><br \/><span>SK4MBP90-1 &#8211; Film de protection contre humidit\u00e9<\/span><\/a><a href=\"https:\/\/vik-composite.com\/fr\/product_category\/films-de-protection-fr\/\"><img decoding=\"async\" loading=\"lazy\" width=\"144\" height=\"144\" src=\"http:\/\/vik-composite.com\/wp-content\/uploads\/2018\/03\/miscellaneous-3-144x144.jpg\" class=\"attachment-navigation size-navigation\" alt=\"\" srcset=\"http:\/\/vik-composite.com\/wp-content\/uploads\/2018\/03\/miscellaneous-3-144x144.jpg 144w, http:\/\/vik-composite.com\/wp-content\/uploads\/2018\/03\/miscellaneous-3-150x150.jpg 150w, http:\/\/vik-composite.com\/wp-content\/uploads\/2018\/03\/miscellaneous-3.jpg 200w\" sizes=\"(max-width: 144px) 100vw, 144px\"><br \/><span>SK5PF &#8211; Films de protection<\/span><\/a><a href=\"https:\/\/vik-composite.com\/fr\/product_category\/revetement-de-table-fr\/\"><img decoding=\"async\" loading=\"lazy\" width=\"144\" height=\"144\" src=\"http:\/\/vik-composite.com\/wp-content\/uploads\/2018\/03\/miscellaneous-6-144x144.jpg\" class=\"attachment-navigation size-navigation\" alt=\"\" srcset=\"http:\/\/vik-composite.com\/wp-content\/uploads\/2018\/03\/miscellaneous-6-144x144.jpg 144w, http:\/\/vik-composite.com\/wp-content\/uploads\/2018\/03\/miscellaneous-6-150x150.jpg 150w, http:\/\/vik-composite.com\/wp-content\/uploads\/2018\/03\/miscellaneous-6.jpg 200w\" sizes=\"(max-width: 144px) 100vw, 144px\"><br \/><span>SK3TUT &#8211; Rev\u00eatement de table<\/span><\/a><a href=\"https:\/\/vik-composite.com\/fr\/product_category\/profil-de-protection-pour-les-bords-de-pieces-en-pcm-fr\/\"><img decoding=\"async\" loading=\"lazy\" width=\"144\" height=\"144\" src=\"http:\/\/vik-composite.com\/wp-content\/uploads\/2018\/03\/miscellaneous-4-144x144.jpg\" class=\"attachment-navigation size-navigation\" alt=\"\" srcset=\"http:\/\/vik-composite.com\/wp-content\/uploads\/2018\/03\/miscellaneous-4-144x144.jpg 144w, http:\/\/vik-composite.com\/wp-content\/uploads\/2018\/03\/miscellaneous-4-150x150.jpg 150w, http:\/\/vik-composite.com\/wp-content\/uploads\/2018\/03\/miscellaneous-4.jpg 200w\" sizes=\"(max-width: 144px) 100vw, 144px\"><br \/><span>SK3EP &#8211; Protection pour bords de pi\u00e8ces en pcm<\/span><\/a><a href=\"https:\/\/vik-composite.com\/fr\/product_category\/bandes-retractables-fr\/\"><img decoding=\"async\" loading=\"lazy\" width=\"144\" height=\"144\" src=\"http:\/\/vik-composite.com\/wp-content\/uploads\/2018\/03\/miscellaneous-2-144x144.png\" class=\"attachment-navigation size-navigation\" alt=\"\" srcset=\"http:\/\/vik-composite.com\/wp-content\/uploads\/2018\/03\/miscellaneous-2-144x144.png 144w, http:\/\/vik-composite.com\/wp-content\/uploads\/2018\/03\/miscellaneous-2-150x150.png 150w, http:\/\/vik-composite.com\/wp-content\/uploads\/2018\/03\/miscellaneous-2.png 200w\" sizes=\"(max-width: 144px) 100vw, 144px\"><br \/><span>SK2SHR &#8211; Bandes r\u00e9tractables<\/span><\/a><a href=\"https:\/\/vik-composite.com\/fr\/product_category\/film-de-protection-ldpe-gaufre-fr\/\"><img decoding=\"async\" loading=\"lazy\" width=\"144\" height=\"144\" src=\"http:\/\/vik-composite.com\/wp-content\/uploads\/2018\/03\/miscellaneous-2-144x144.jpg\" class=\"attachment-navigation size-navigation\" alt=\"\" srcset=\"http:\/\/vik-composite.com\/wp-content\/uploads\/2018\/03\/miscellaneous-2-144x144.jpg 144w, http:\/\/vik-composite.com\/wp-content\/uploads\/2018\/03\/miscellaneous-2-150x150.jpg 150w, http:\/\/vik-composite.com\/wp-content\/uploads\/2018\/03\/miscellaneous-2.jpg 200w\" sizes=\"(max-width: 144px) 100vw, 144px\"><br \/><span>SK4EF &#8211; Film de protection LDPE gaufr\u00e9<\/span><\/a><a href=\"https:\/\/vik-composite.com\/fr\/product_category\/papiers-silicones-fr\/\"><img decoding=\"async\" loading=\"lazy\" width=\"144\" height=\"144\" src=\"http:\/\/vik-composite.com\/wp-content\/uploads\/2018\/03\/miscellaneous-7-144x144.jpg\" class=\"attachment-navigation size-navigation\" alt=\"\" srcset=\"http:\/\/vik-composite.com\/wp-content\/uploads\/2018\/03\/miscellaneous-7-144x144.jpg 144w, http:\/\/vik-composite.com\/wp-content\/uploads\/2018\/03\/miscellaneous-7-150x150.jpg 150w, http:\/\/vik-composite.com\/wp-content\/uploads\/2018\/03\/miscellaneous-7.jpg 200w\" sizes=\"(max-width: 144px) 100vw, 144px\"><br \/><span>SK4SP &#8211; Papiers silicon\u00e9s<\/span><\/a><a href=\"https:\/\/vik-composite.com\/fr\/product_category\/membrane-fr\/\"><img decoding=\"async\" loading=\"lazy\" width=\"144\" height=\"144\" src=\"http:\/\/vik-composite.com\/wp-content\/uploads\/2018\/03\/miscellaneous-1-144x144.png\" class=\"attachment-navigation size-navigation\" alt=\"\" srcset=\"http:\/\/vik-composite.com\/wp-content\/uploads\/2018\/03\/miscellaneous-1-144x144.png 144w, http:\/\/vik-composite.com\/wp-content\/uploads\/2018\/03\/miscellaneous-1-150x150.png 150w, http:\/\/vik-composite.com\/wp-content\/uploads\/2018\/03\/miscellaneous-1.png 200w\" sizes=\"(max-width: 144px) 100vw, 144px\"><br \/><span>SK2RIM &#8211; Membrane<\/span><\/a><a href=\"https:\/\/vik-composite.com\/fr\/product_category\/recipient-metallique-pour-reservoir-d-injection-fr\/\"><img decoding=\"async\" loading=\"lazy\" width=\"144\" height=\"144\" src=\"http:\/\/vik-composite.com\/wp-content\/uploads\/2018\/03\/miscellaneous-5-144x144.jpg\" class=\"attachment-navigation size-navigation\" alt=\"\" srcset=\"http:\/\/vik-composite.com\/wp-content\/uploads\/2018\/03\/miscellaneous-5-144x144.jpg 144w, http:\/\/vik-composite.com\/wp-content\/uploads\/2018\/03\/miscellaneous-5-150x150.jpg 150w, http:\/\/vik-composite.com\/wp-content\/uploads\/2018\/03\/miscellaneous-5.jpg 200w\" sizes=\"(max-width: 144px) 100vw, 144px\"><br \/><span>SK3MC &#8211; R\u00e9cipient pour r\u00e9servoir d&rsquo;injection<\/span><\/a><a href=\"https:\/\/vik-composite.com\/fr\/product_category\/lingettesde-nettoyage-fr\/\"><img decoding=\"async\" loading=\"lazy\" width=\"144\" height=\"144\" src=\"http:\/\/vik-composite.com\/wp-content\/uploads\/2018\/03\/miscellaneous-1-144x144.jpg\" class=\"attachment-navigation size-navigation\" alt=\"\" srcset=\"http:\/\/vik-composite.com\/wp-content\/uploads\/2018\/03\/miscellaneous-1-144x144.jpg 144w, http:\/\/vik-composite.com\/wp-content\/uploads\/2018\/03\/miscellaneous-1-150x150.jpg 150w, http:\/\/vik-composite.com\/wp-content\/uploads\/2018\/03\/miscellaneous-1.jpg 200w\" sizes=\"(max-width: 144px) 100vw, 144px\"><br \/><span>SK3WP &#8211; Lingettes de nettoyage<\/span><\/a><a href=\"https:\/\/vik-composite.com\/fr\/product_category\/thermocouple-fr\/\"><img decoding=\"async\" loading=\"lazy\" width=\"144\" height=\"144\" src=\"http:\/\/vik-composite.com\/wp-content\/uploads\/2018\/03\/miscellaneous-8-144x144.jpg\" class=\"attachment-navigation size-navigation\" alt=\"\" srcset=\"http:\/\/vik-composite.com\/wp-content\/uploads\/2018\/03\/miscellaneous-8-144x144.jpg 144w, http:\/\/vik-composite.com\/wp-content\/uploads\/2018\/03\/miscellaneous-8-150x150.jpg 150w, http:\/\/vik-composite.com\/wp-content\/uploads\/2018\/03\/miscellaneous-8.jpg 200w\" sizes=\"(max-width: 144px) 100vw, 144px\"><br \/><span>SK3TC &#8211; Thermocouple<\/span><\/a>\n\t\t\t\t\t\t\t\t\t\t\t\t\t\t\t<\/div>\n<div class=\"clear\"><\/div>\n<p style=\"text-align: center;\"><a class=\"btn clear\" href=\"http:\/\/vik-composite.com\/wp-content\/uploads\/2020\/07\/Catalogue_VIK-COMPOSITE_ENG_active_SK2.pdf\" target=\"_blank\" rel=\"noopener\">T\u00c9L\u00c9CHARGER LE CATALOGUE <\/a><\/p>\n","protected":false},"excerpt":{"rendered":"SK3INS \u2013 Insulation materialsSK3STS \u2013 Pr\u00e4gefolieSK4MBP90-1 &#8211; Film de protection contre humidit\u00e9SK5PF &#8211; Films de protectionSK3TUT &#8211; Rev\u00eatement de tableSK3EP &#8211; Protection pour bords de pi\u00e8ces en pcmSK2SHR &#8211; Bandes r\u00e9tractablesSK4EF &#8211; Film de protection LDPE gaufr\u00e9SK4SP &#8211; Papiers silicon\u00e9sSK2RIM &#8211; MembraneSK3MC &#8211; R\u00e9cipient pour r\u00e9servoir d&rsquo;injectionSK3WP &#8211; Lingettes de nettoyageSK3TC &#8211; Thermocouple T\u00c9L\u00c9CHARGER LE&#8230; <a class=\"view-article\" href=\"https:\/\/vik-composite.com\/fr\/products\/miscellaneous\/\">View Article<\/a>","protected":false},"author":1,"featured_media":0,"parent":15570,"menu_order":4,"comment_status":"closed","ping_status":"closed","template":"","meta":[],"acf":[],"_links":{"self":[{"href":"https:\/\/vik-composite.com\/fr\/wp-json\/wp\/v2\/pages\/19773\/"}],"collection":[{"href":"https:\/\/vik-composite.com\/fr\/wp-json\/wp\/v2\/pages\/"}],"about":[{"href":"https:\/\/vik-composite.com\/fr\/wp-json\/wp\/v2\/types\/page\/"}],"author":[{"embeddable":true,"href":"https:\/\/vik-composite.com\/fr\/wp-json\/wp\/v2\/users\/1\/"}],"replies":[{"embeddable":true,"href":"https:\/\/vik-composite.com\/fr\/wp-json\/wp\/v2\/comments\/?post=19773"}],"version-history":[{"count":0,"href":"https:\/\/vik-composite.com\/fr\/wp-json\/wp\/v2\/pages\/19773\/revisions\/"}],"up":[{"embeddable":true,"href":"https:\/\/vik-composite.com\/fr\/wp-json\/wp\/v2\/pages\/15570\/"}],"wp:attachment":[{"href":"https:\/\/vik-composite.com\/fr\/wp-json\/wp\/v2\/media\/?parent=19773"}],"curies":[{"name":"wp","href":"https:\/\/api.w.org\/{rel}","templated":true}]}}