{"id":26946,"date":"2021-03-23T20:57:53","date_gmt":"2021-03-23T17:57:53","guid":{"rendered":"http:\/\/vik-composite.com\/?page_id=26946"},"modified":"2021-03-25T17:10:08","modified_gmt":"2021-03-25T14:10:08","slug":"hygiene-securite-et-environnement","status":"publish","type":"page","link":"https:\/\/vik-composite.com\/fr\/e-learning\/hygiene-securite-et-environnement\/","title":{"rendered":"HYGI\u00c8NE, S\u00c9CURIT\u00c9 ET ENVIRONNEMENT"},"content":{"rendered":"<h1><img class=\"alignnone size-full wp-image-24200\" alt=\"\" \/>\u00a0 \u00a0 \u00a0 \u00a0 \u00a0 \u00a0 \u00a0 \u00a0<strong>HYGI\u00c8NE, S\u00c9CURIT\u00c9 ET ENVIRONNEMENT<\/strong><\/h1>\n<blockquote>\n<blockquote>\n<blockquote>\n<h2><strong>Contenu du cours:<\/strong><\/h2>\n<h4>&#8211; R\u00e8gles de s\u00e9curit\u00e9 en industrie des composites <\/h4>\n<h4>&#8211; Protection personnelle<\/h4>\n<h4>&#8211; Etiquetage et fiches de donn\u00e9es de s\u00e9curit\u00e9 des produits chimiques <\/h4>\n<h4>&#8211; Recyclage des mat\u00e9riaux composites <\/h4>\n<h5><a href=\"http:\/\/vik-composite.com\/hseplan-de-travail-1\/\"><img decoding=\"async\" loading=\"lazy\" class=\"alignnone wp-image-27009\" src=\"http:\/\/vik-composite.com\/wp-content\/uploads\/2021\/03\/HSEPlan-de-travail-1.png\" alt=\"\" width=\"930\" height=\"120\" srcset=\"https:\/\/vik-composite.com\/wp-content\/uploads\/2021\/03\/HSEPlan-de-travail-1.png 930w, https:\/\/vik-composite.com\/wp-content\/uploads\/2021\/03\/HSEPlan-de-travail-1-300x39.png 300w, https:\/\/vik-composite.com\/wp-content\/uploads\/2021\/03\/HSEPlan-de-travail-1-768x99.png 768w\" sizes=\"(max-width: 930px) 100vw, 930px\" \/><\/a><\/h5>\n<\/blockquote>\n<hr \/>\n<h5 class=\"subcats\">\u00a0 \u00a0 \u00a0 \u00a0 \u00a0* Veuillez noter que ce cours est inclu dans tous les cours g\u00e9n\u00e9raux et sp\u00e9cialis\u00e9s<\/h5>\n<\/blockquote>\n<\/blockquote>\n","protected":false},"excerpt":{"rendered":"\u00a0 \u00a0 \u00a0 \u00a0 \u00a0 \u00a0 \u00a0 \u00a0HYGI\u00c8NE, S\u00c9CURIT\u00c9 ET ENVIRONNEMENT Contenu du cours: &#8211; R\u00e8gles de s\u00e9curit\u00e9 en industrie des composites &#8211; Protection personnelle &#8211; Etiquetage et fiches de donn\u00e9es de s\u00e9curit\u00e9 des produits chimiques &#8211; Recyclage des mat\u00e9riaux composites \u00a0 \u00a0 \u00a0 \u00a0 \u00a0* Veuillez noter que ce cours est inclu dans tous&#8230; <a class=\"view-article\" href=\"https:\/\/vik-composite.com\/fr\/e-learning\/hygiene-securite-et-environnement\/\">View Article<\/a>","protected":false},"author":1,"featured_media":0,"parent":26944,"menu_order":0,"comment_status":"closed","ping_status":"closed","template":"","meta":[],"acf":[],"_links":{"self":[{"href":"https:\/\/vik-composite.com\/fr\/wp-json\/wp\/v2\/pages\/26946\/"}],"collection":[{"href":"https:\/\/vik-composite.com\/fr\/wp-json\/wp\/v2\/pages\/"}],"about":[{"href":"https:\/\/vik-composite.com\/fr\/wp-json\/wp\/v2\/types\/page\/"}],"author":[{"embeddable":true,"href":"https:\/\/vik-composite.com\/fr\/wp-json\/wp\/v2\/users\/1\/"}],"replies":[{"embeddable":true,"href":"https:\/\/vik-composite.com\/fr\/wp-json\/wp\/v2\/comments\/?post=26946"}],"version-history":[{"count":0,"href":"https:\/\/vik-composite.com\/fr\/wp-json\/wp\/v2\/pages\/26946\/revisions\/"}],"up":[{"embeddable":true,"href":"https:\/\/vik-composite.com\/fr\/wp-json\/wp\/v2\/pages\/26944\/"}],"wp:attachment":[{"href":"https:\/\/vik-composite.com\/fr\/wp-json\/wp\/v2\/media\/?parent=26946"}],"curies":[{"name":"wp","href":"https:\/\/api.w.org\/{rel}","templated":true}]}}