{"id":26953,"date":"2021-03-23T21:03:47","date_gmt":"2021-03-23T18:03:47","guid":{"rendered":"http:\/\/vik-composite.com\/?page_id=26953"},"modified":"2021-03-25T19:51:12","modified_gmt":"2021-03-25T16:51:12","slug":"generalite-des-materiaux-composites","status":"publish","type":"page","link":"https:\/\/vik-composite.com\/fr\/e-learning\/generalite-des-materiaux-composites\/","title":{"rendered":"G\u00c9N\u00c9RALIT\u00c9  DES MAT\u00c9RIAUX COMPOSITES"},"content":{"rendered":"<h1><img class=\"alignnone size-full wp-image-24200\" alt=\"\" \/>\u00a0 \u00a0 \u00a0 \u00a0 \u00a0 \u00a0 \u00a0 \u00a0<strong>G\u00c9N\u00c9RALIT\u00c9S  DES MAT\u00c9RIAUX COMPOSITES<\/strong><\/h1>\n<blockquote>\n<blockquote>\n<blockquote>\n<h2><strong>Contenu du cours:<\/strong><\/h2>\n<h4>&#8211; D\u00e9v\u00e9loppement de l\u2019industrie composite, classification de base et introduction<\/h4>\n<h4>&#8211; Renforcements et Matrices<\/h4>\n<h4>&#8211; Comportement m\u00e9canique des mat\u00e9riaux composites<\/h4>\n<h4>&#8211; Transition vitreuse (Tg) \u201ctemp\u00e9rature de transition vitreuse\u201d<\/h4>\n<h4>&#8211; Technologies de traitement des mat\u00e9riaux composites : 17 technologies principales <\/h4>\n<h4>&#8211; Aper\u00e7u des applications des mat\u00e9riaux composites par secteurs d\u2019activit\u00e9<\/p>\n<h5><a href=\"http:\/\/vik-composite.com\/hseplan-de-travail-1\/\"><img decoding=\"async\" loading=\"lazy\" class=\"alignnone wp-image-27009\" src=\"http:\/\/vik-composite.com\/wp-content\/uploads\/2021\/03\/g\u00e9n\u00e9ralit\u00e9s.jpg\" alt=\"\" width=\"930\" height=\"120\" \/><\/a><\/h5>\n<\/blockquote>\n<hr \/>\n<h5 class=\"subcats\">\u00a0 \u00a0 \u00a0 \u00a0 \u00a0*\u00a0<strong>Dur\u00e9e approximative de la formation: 5 heures (th\u00e9orie)<\/strong><\/h5>\n<h5 class=\"subcats\">\u00a0 \u00a0 \u00a0 \u00a0 \u00a0**\u00a0<strong>Dur\u00e9e de la license : 3 semaines<\/strong><\/h5>\n<p>&nbsp;<\/p>\n<p>&nbsp;<\/p><\/blockquote>\n<\/blockquote>\n","protected":false},"excerpt":{"rendered":"\u00a0 \u00a0 \u00a0 \u00a0 \u00a0 \u00a0 \u00a0 \u00a0G\u00c9N\u00c9RALIT\u00c9S DES MAT\u00c9RIAUX COMPOSITES Contenu du cours: &#8211; D\u00e9v\u00e9loppement de l\u2019industrie composite, classification de base et introduction &#8211; Renforcements et Matrices &#8211; Comportement m\u00e9canique des mat\u00e9riaux composites &#8211; Transition vitreuse (Tg) \u201ctemp\u00e9rature de transition vitreuse\u201d &#8211; Technologies de traitement des mat\u00e9riaux composites : 17 technologies principales &#8211; Aper\u00e7u&#8230; <a class=\"view-article\" href=\"https:\/\/vik-composite.com\/fr\/e-learning\/generalite-des-materiaux-composites\/\">View Article<\/a>","protected":false},"author":1,"featured_media":0,"parent":26944,"menu_order":2,"comment_status":"closed","ping_status":"closed","template":"","meta":[],"acf":[],"_links":{"self":[{"href":"https:\/\/vik-composite.com\/fr\/wp-json\/wp\/v2\/pages\/26953\/"}],"collection":[{"href":"https:\/\/vik-composite.com\/fr\/wp-json\/wp\/v2\/pages\/"}],"about":[{"href":"https:\/\/vik-composite.com\/fr\/wp-json\/wp\/v2\/types\/page\/"}],"author":[{"embeddable":true,"href":"https:\/\/vik-composite.com\/fr\/wp-json\/wp\/v2\/users\/1\/"}],"replies":[{"embeddable":true,"href":"https:\/\/vik-composite.com\/fr\/wp-json\/wp\/v2\/comments\/?post=26953"}],"version-history":[{"count":0,"href":"https:\/\/vik-composite.com\/fr\/wp-json\/wp\/v2\/pages\/26953\/revisions\/"}],"up":[{"embeddable":true,"href":"https:\/\/vik-composite.com\/fr\/wp-json\/wp\/v2\/pages\/26944\/"}],"wp:attachment":[{"href":"https:\/\/vik-composite.com\/fr\/wp-json\/wp\/v2\/media\/?parent=26953"}],"curies":[{"name":"wp","href":"https:\/\/api.w.org\/{rel}","templated":true}]}}