{"id":26959,"date":"2021-03-23T21:07:19","date_gmt":"2021-03-23T18:07:19","guid":{"rendered":"http:\/\/vik-composite.com\/?page_id=26959"},"modified":"2021-03-25T19:49:28","modified_gmt":"2021-03-25T16:49:28","slug":"focus-rtm-et-infusion","status":"publish","type":"page","link":"https:\/\/vik-composite.com\/fr\/e-learning\/focus-rtm-et-infusion\/","title":{"rendered":"FOCUS RTM ET INFUSION"},"content":{"rendered":"<h1><img class=\"alignnone size-full wp-image-24200\" alt=\"\" \/>\u00a0 \u00a0 \u00a0 \u00a0 \u00a0 \u00a0 \u00a0 \u00a0<strong>G\u00c9NERALIT\u00c9S SUR MAT\u00c9RIAUX COMPOSITES + FOCUS RTM ET INFUSION<\/strong><\/h1>\n<blockquote>\n<blockquote>\n<blockquote>\n<h2><strong>Contenu du cours:<\/strong><\/h2>\n<h4>&#8211; D\u00e9v\u00e9loppement de l\u2019industrie composite, classification de base et introduction<\/h4>\n<h4>&#8211; Renforcements et Matrices<\/h4>\n<h4>&#8211; Comportement m\u00e9canique des mat\u00e9riaux composites<\/h4>\n<h4>&#8211; Transition vitreuse (Tg) \u201ctemp\u00e9rature de transition vitreuse\u201d<\/h4>\n<h4>&#8211; Technologies de traitement des mat\u00e9riaux composites: 17 technologies <\/h4>\n<h4>&#8211; Aper\u00e7u des applications des mat\u00e9riaux composites par secteurs d\u2019activit\u00e9<\/p>\n<h4>&#8211; Focus sur RTM &#038; Infusion: 6 variantes de RTM (Moulage par transfert de r\u00e9sine) et 6 pricipes-cl\u00e9s de proc\u00e9d\u00e9 d&rsquo;infusion de r\u00e9sine<\/p>\n<h5><a href=\"http:\/\/vik-composite.com\/hseplan-de-travail-1\/\"><img decoding=\"async\" loading=\"lazy\" class=\"alignnone wp-image-27009\" src=\"http:\/\/vik-composite.com\/wp-content\/uploads\/2021\/03\/Focus-RTM-and-Infusion-e-learning.png\" alt=\"\" width=\"930\" height=\"120\" \/><\/a><\/h5>\n<\/blockquote>\n<hr \/>\n<h5 class=\"subcats\">\u00a0 \u00a0 \u00a0 \u00a0 \u00a0*\u00a0<strong>Dur\u00e9e approximative de la formation: 6 heures (th\u00e9orie)<\/strong><\/h5>\n<h5 class=\"subcats\">\u00a0 \u00a0 \u00a0 \u00a0 \u00a0**\u00a0<strong>Dur\u00e9e de la license: 3 semaines<\/strong><\/h5>\n<p>&nbsp;<\/p>\n<p>&nbsp;<\/p><\/blockquote>\n<\/blockquote>\n","protected":false},"excerpt":{"rendered":"\u00a0 \u00a0 \u00a0 \u00a0 \u00a0 \u00a0 \u00a0 \u00a0G\u00c9NERALIT\u00c9S SUR MAT\u00c9RIAUX COMPOSITES + FOCUS RTM ET INFUSION Contenu du cours: &#8211; D\u00e9v\u00e9loppement de l\u2019industrie composite, classification de base et introduction &#8211; Renforcements et Matrices &#8211; Comportement m\u00e9canique des mat\u00e9riaux composites &#8211; Transition vitreuse (Tg) \u201ctemp\u00e9rature de transition vitreuse\u201d &#8211; Technologies de traitement des mat\u00e9riaux composites: 17&#8230; <a class=\"view-article\" href=\"https:\/\/vik-composite.com\/fr\/e-learning\/focus-rtm-et-infusion\/\">View Article<\/a>","protected":false},"author":1,"featured_media":0,"parent":26944,"menu_order":3,"comment_status":"closed","ping_status":"closed","template":"","meta":[],"acf":[],"_links":{"self":[{"href":"https:\/\/vik-composite.com\/fr\/wp-json\/wp\/v2\/pages\/26959\/"}],"collection":[{"href":"https:\/\/vik-composite.com\/fr\/wp-json\/wp\/v2\/pages\/"}],"about":[{"href":"https:\/\/vik-composite.com\/fr\/wp-json\/wp\/v2\/types\/page\/"}],"author":[{"embeddable":true,"href":"https:\/\/vik-composite.com\/fr\/wp-json\/wp\/v2\/users\/1\/"}],"replies":[{"embeddable":true,"href":"https:\/\/vik-composite.com\/fr\/wp-json\/wp\/v2\/comments\/?post=26959"}],"version-history":[{"count":0,"href":"https:\/\/vik-composite.com\/fr\/wp-json\/wp\/v2\/pages\/26959\/revisions\/"}],"up":[{"embeddable":true,"href":"https:\/\/vik-composite.com\/fr\/wp-json\/wp\/v2\/pages\/26944\/"}],"wp:attachment":[{"href":"https:\/\/vik-composite.com\/fr\/wp-json\/wp\/v2\/media\/?parent=26959"}],"curies":[{"name":"wp","href":"https:\/\/api.w.org\/{rel}","templated":true}]}}