{"id":26965,"date":"2021-03-23T21:11:19","date_gmt":"2021-03-23T18:11:19","guid":{"rendered":"http:\/\/vik-composite.com\/?page_id=26965"},"modified":"2021-03-30T00:23:07","modified_gmt":"2021-03-29T21:23:07","slug":"rtm-infusion-level-1-initiation","status":"publish","type":"page","link":"https:\/\/vik-composite.com\/fr\/e-learning\/rtm-infusion-level-1-initiation\/","title":{"rendered":"RTM &#038; INFUSION Niveau 1 INITIATION"},"content":{"rendered":"<h1><img class=\"alignnone size-full wp-image-24200\" alt=\"\" \/>\u00a0 \u00a0 \u00a0 \u00a0 \u00a0 \u00a0 \u00a0 \u00a0<strong>RTM &amp; INFUSION Niveau 1 &#8211; INITIATION<\/strong><\/h1>\n<blockquote>\n<blockquote>\n<blockquote>\n<h2><strong>Content of the course:<\/strong><\/h2>\n<h4>&#8211; Les 6 principes essentiels de l&rsquo;infusion<\/h4>\n<h4>&#8211; S\u00e9curit\u00e9<\/h4>\n<h4>&#8211; Facteurs d\u00e9terminants<\/h4>\n<h4>&#8211; Param\u00e8tres du processus<\/h4>\n<h4>&#8211; Exercise 1<\/h4>\n<h4>&#8211; RTM \u2013 les 6 variantes<\/h4>\n<h4>&#8211; \u0421aract\u00e9ristiques sp\u00e9cifiques de l&rsquo;injection<\/h4>\n<h4>&#8211; Questionnaires<\/h4>\n<table style=\"height: 119px; margin-left: 60px;\" width=\"689\">\n<tbody style=\"padding-left: 60px;\">\n<tr style=\"padding-left: 60px;\">\n<td style=\"padding-left: 30px;\" >\n<p style=\"padding-left: 30px;\">\n<h2><strong> Outils p\u00e9dagogiques Niveau 1:<\/strong><\/h2>\n<\/p>\n<p style=\"padding-left: 30px;\"> La plate-forme du cours d&rsquo;apprentissage en ligne (vid\u00e9os, animations, questionnaires)\n<\/td>\n<\/tr>\n<\/tbody>\n<\/table>\n<h5><a href=\"http:\/\/vik-composite.com\/hseplan-de-travail-1\/\"><img decoding=\"async\" loading=\"lazy\" class=\"alignnone wp-image-27009\" src=\"http:\/\/vik-composite.com\/wp-content\/uploads\/2021\/03\/Generality_elearning-course.jpg\" alt=\"\" width=\"800\" height=\"400\" \/><\/a><\/h5>\n<\/blockquote>\n<hr \/>\n<h5 class=\"subcats\">\u00a0 \u00a0 \u00a0 \u00a0 \u00a0*\u00a0<strong>Dur\u00e9e approximative de la formation: 6 heures (th\u00e9orie)<\/strong><\/h5>\n<h5 class=\"subcats\">\u00a0 \u00a0 \u00a0 \u00a0 \u00a0**\u00a0<strong> Dur\u00e9e de la license : 4 semaines<\/strong><\/h5>\n<\/blockquote>\n<\/blockquote>\n","protected":false},"excerpt":{"rendered":"\u00a0 \u00a0 \u00a0 \u00a0 \u00a0 \u00a0 \u00a0 \u00a0RTM &amp; INFUSION Niveau 1 &#8211; INITIATION Content of the course: &#8211; Les 6 principes essentiels de l&rsquo;infusion &#8211; S\u00e9curit\u00e9 &#8211; Facteurs d\u00e9terminants &#8211; Param\u00e8tres du processus &#8211; Exercise 1 &#8211; RTM \u2013 les 6 variantes &#8211; \u0421aract\u00e9ristiques sp\u00e9cifiques de l&rsquo;injection &#8211; Questionnaires Outils p\u00e9dagogiques Niveau 1: La&#8230; <a class=\"view-article\" href=\"https:\/\/vik-composite.com\/fr\/e-learning\/rtm-infusion-level-1-initiation\/\">View Article<\/a>","protected":false},"author":1,"featured_media":0,"parent":26944,"menu_order":4,"comment_status":"closed","ping_status":"closed","template":"","meta":[],"acf":[],"_links":{"self":[{"href":"https:\/\/vik-composite.com\/fr\/wp-json\/wp\/v2\/pages\/26965\/"}],"collection":[{"href":"https:\/\/vik-composite.com\/fr\/wp-json\/wp\/v2\/pages\/"}],"about":[{"href":"https:\/\/vik-composite.com\/fr\/wp-json\/wp\/v2\/types\/page\/"}],"author":[{"embeddable":true,"href":"https:\/\/vik-composite.com\/fr\/wp-json\/wp\/v2\/users\/1\/"}],"replies":[{"embeddable":true,"href":"https:\/\/vik-composite.com\/fr\/wp-json\/wp\/v2\/comments\/?post=26965"}],"version-history":[{"count":0,"href":"https:\/\/vik-composite.com\/fr\/wp-json\/wp\/v2\/pages\/26965\/revisions\/"}],"up":[{"embeddable":true,"href":"https:\/\/vik-composite.com\/fr\/wp-json\/wp\/v2\/pages\/26944\/"}],"wp:attachment":[{"href":"https:\/\/vik-composite.com\/fr\/wp-json\/wp\/v2\/media\/?parent=26965"}],"curies":[{"name":"wp","href":"https:\/\/api.w.org\/{rel}","templated":true}]}}