{"id":26971,"date":"2021-03-23T21:14:44","date_gmt":"2021-03-23T18:14:44","guid":{"rendered":"http:\/\/vik-composite.com\/?page_id=26971"},"modified":"2021-03-30T11:41:22","modified_gmt":"2021-03-30T08:41:22","slug":"rtm-infusion-level-2-intermediaire","status":"publish","type":"page","link":"https:\/\/vik-composite.com\/fr\/e-learning\/rtm-infusion-level-2-intermediaire\/","title":{"rendered":"RTM &#038; INFUSION Niveau 2 INTERM\u00c9DIAIRE"},"content":{"rendered":"<h1><img class=\"alignnone size-full wp-image-24200\" alt=\"\" \/>\u00a0 \u00a0 \u00a0 \u00a0 \u00a0 \u00a0 \u00a0 <strong>RTM &amp; INFUSION Niveau 2 &#8211; INTERMEDIATE<\/strong><\/h1>\n<blockquote>\n<blockquote>\n<blockquote>\n<h2><strong>Contenu du cours:<\/strong><\/h2>\n<h4>&#8211; Niveau 1 +<\/h4>\n<h4>&#8211; Perm\u00e9abilit\u00e9<\/h4>\n<h4>&#8211; Exercise 2<\/h4>\n<h4>&#8211; Vitesse de d\u00e9bit<\/h4>\n<h4>&#8211; Plage technique<\/h4>\n<h4>&#8211; Exercise 8<\/h4>\n<h4>&#8211; Questionnaires<\/h4>\n<table style=\"height: 119px; margin-left: 60px;\" width=\"689\">\n<tbody style=\"padding-left: 60px;\">\n<tr style=\"padding-left: 60px;\">\n<td style=\"padding-left: 30px;\" width=\"238\">\n<p style=\"padding-left: 30px;\">\n<h2><strong> Outils p\u00e9dagogiques Niveau 2:<\/strong><\/h2>\n<\/p>\n<p style=\"padding-left: 30px;\"> La plate-forme du cours d\u2019apprentissage en ligne (vid\u00e9os, animations, questionnaires) <\/p>\n<p style=\"padding-left: 30px;\">Tuteur, Kits mat\u00e9riaux (Kit 1) pour r\u00e9aliser 4 exercises<\/p>\n<p style=\"padding-left: 30px;\">Optionnel notre mini-laboratoire (Kit 2)<\/p>\n<\/td>\n<\/tr>\n<\/tbody>\n<\/table>\n<h5><a href=\"http:\/\/vik-composite.com\/hseplan-de-travail-1\/\"><img decoding=\"async\" loading=\"lazy\" class=\"alignnone wp-image-27009\" src=\"http:\/\/vik-composite.com\/wp-content\/uploads\/2021\/03\/RTM-infusion-lvl2Plan-de-travail-1-Kopie.png\" alt=\"\" width=\"800\" height=\"400\" \/><\/a><\/h5>\n<\/blockquote>\n<hr \/>\n<h5 class=\"subcats\">\u00a0 \u00a0 \u00a0 \u00a0 \u00a0*\u00a0<strong>Approximal duration of course: 8h theory + 4h practice<br \/>\n<\/strong><\/h5>\n<h5 class=\"subcats\">\u00a0 \u00a0 \u00a0 \u00a0 \u00a0**\u00a0<strong>License duration: 6 weeks<\/strong><\/h5>\n<\/blockquote>\n<\/blockquote>\n","protected":false},"excerpt":{"rendered":"\u00a0 \u00a0 \u00a0 \u00a0 \u00a0 \u00a0 \u00a0 RTM &amp; INFUSION Niveau 2 &#8211; INTERMEDIATE Contenu du cours: &#8211; Niveau 1 + &#8211; Perm\u00e9abilit\u00e9 &#8211; Exercise 2 &#8211; Vitesse de d\u00e9bit &#8211; Plage technique &#8211; Exercise 8 &#8211; Questionnaires Outils p\u00e9dagogiques Niveau 2: La plate-forme du cours d\u2019apprentissage en ligne (vid\u00e9os, animations, questionnaires) Tuteur, Kits mat\u00e9riaux&#8230; <a class=\"view-article\" href=\"https:\/\/vik-composite.com\/fr\/e-learning\/rtm-infusion-level-2-intermediaire\/\">View Article<\/a>","protected":false},"author":1,"featured_media":0,"parent":26944,"menu_order":5,"comment_status":"closed","ping_status":"closed","template":"","meta":[],"acf":[],"_links":{"self":[{"href":"https:\/\/vik-composite.com\/fr\/wp-json\/wp\/v2\/pages\/26971\/"}],"collection":[{"href":"https:\/\/vik-composite.com\/fr\/wp-json\/wp\/v2\/pages\/"}],"about":[{"href":"https:\/\/vik-composite.com\/fr\/wp-json\/wp\/v2\/types\/page\/"}],"author":[{"embeddable":true,"href":"https:\/\/vik-composite.com\/fr\/wp-json\/wp\/v2\/users\/1\/"}],"replies":[{"embeddable":true,"href":"https:\/\/vik-composite.com\/fr\/wp-json\/wp\/v2\/comments\/?post=26971"}],"version-history":[{"count":0,"href":"https:\/\/vik-composite.com\/fr\/wp-json\/wp\/v2\/pages\/26971\/revisions\/"}],"up":[{"embeddable":true,"href":"https:\/\/vik-composite.com\/fr\/wp-json\/wp\/v2\/pages\/26944\/"}],"wp:attachment":[{"href":"https:\/\/vik-composite.com\/fr\/wp-json\/wp\/v2\/media\/?parent=26971"}],"curies":[{"name":"wp","href":"https:\/\/api.w.org\/{rel}","templated":true}]}}