{"id":26983,"date":"2021-03-23T21:21:09","date_gmt":"2021-03-23T18:21:09","guid":{"rendered":"http:\/\/vik-composite.com\/?page_id=26983"},"modified":"2021-03-26T11:02:13","modified_gmt":"2021-03-26T08:02:13","slug":"nouveaux-modules-a-venir","status":"publish","type":"page","link":"https:\/\/vik-composite.com\/fr\/e-learning\/nouveaux-modules-a-venir\/","title":{"rendered":"NOUVEAUX MODULES \u00c0 VENIR"},"content":{"rendered":"<h1><img class=\"alignnone size-full wp-image-24200\" alt=\"\" \/>\u00a0 \u00a0 \u00a0 \u00a0 \u00a0 \u00a0 \u00a0 <strong>LES MODULES \u00c0 VENIR <\/strong><\/h1>\n<blockquote>\n<blockquote>\n<h2 style=\"padding-left: 30px;\">Notre \u00e9quipe travaille aux d\u00e9veloppements de futurs modules de formations professionnelles:<\/h2>\n<h4 style=\"padding-left: 60px;\">&#8211; Les applications robotis\u00e9es Ruban thermoplastique \/ Thermodurcissable <\/h4>\n<h4 style=\"padding-left: 60px;\">&#8211; Les proc\u00e9d\u00e9s d&rsquo;estampages <\/h4>\n<h4 style=\"padding-left: 60px;\">&#8211; Les proc\u00e9d\u00e9s pr\u00e9-impr\u00e9gn\u00e9s autoclaves<\/h4>\n<h4 style=\"padding-left: 30px;\">* Les techniques virtuelles essentielles de nos futurs modules seront conserv\u00e9es avec une d\u00e9marche tactile.<\/h4>\n<\/blockquote>\n<\/blockquote>\n","protected":false},"excerpt":{"rendered":"\u00a0 \u00a0 \u00a0 \u00a0 \u00a0 \u00a0 \u00a0 LES MODULES \u00c0 VENIR Notre \u00e9quipe travaille aux d\u00e9veloppements de futurs modules de formations professionnelles: &#8211; Les applications robotis\u00e9es Ruban thermoplastique \/ Thermodurcissable &#8211; Les proc\u00e9d\u00e9s d&rsquo;estampages &#8211; Les proc\u00e9d\u00e9s pr\u00e9-impr\u00e9gn\u00e9s autoclaves * Les techniques virtuelles essentielles de nos futurs modules seront conserv\u00e9es avec une d\u00e9marche tactile.","protected":false},"author":1,"featured_media":0,"parent":26944,"menu_order":7,"comment_status":"closed","ping_status":"closed","template":"","meta":[],"acf":[],"_links":{"self":[{"href":"https:\/\/vik-composite.com\/fr\/wp-json\/wp\/v2\/pages\/26983\/"}],"collection":[{"href":"https:\/\/vik-composite.com\/fr\/wp-json\/wp\/v2\/pages\/"}],"about":[{"href":"https:\/\/vik-composite.com\/fr\/wp-json\/wp\/v2\/types\/page\/"}],"author":[{"embeddable":true,"href":"https:\/\/vik-composite.com\/fr\/wp-json\/wp\/v2\/users\/1\/"}],"replies":[{"embeddable":true,"href":"https:\/\/vik-composite.com\/fr\/wp-json\/wp\/v2\/comments\/?post=26983"}],"version-history":[{"count":0,"href":"https:\/\/vik-composite.com\/fr\/wp-json\/wp\/v2\/pages\/26983\/revisions\/"}],"up":[{"embeddable":true,"href":"https:\/\/vik-composite.com\/fr\/wp-json\/wp\/v2\/pages\/26944\/"}],"wp:attachment":[{"href":"https:\/\/vik-composite.com\/fr\/wp-json\/wp\/v2\/media\/?parent=26983"}],"curies":[{"name":"wp","href":"https:\/\/api.w.org\/{rel}","templated":true}]}}